{"id":155,"date":"2025-10-17T08:42:45","date_gmt":"2025-10-17T08:42:45","guid":{"rendered":"https:\/\/lestudiodebarbara.com\/?page_id=155"},"modified":"2026-01-02T21:34:08","modified_gmt":"2026-01-02T21:34:08","slug":"services","status":"publish","type":"page","link":"https:\/\/www.dailybarbstudio.com\/en\/services\/","title":{"rendered":"Services"},"content":{"rendered":"<div class=\"wp-block-cover alignfull is-light\" style=\"margin-top:0;margin-bottom:0;min-height:706px;aspect-ratio:unset;\"><span aria-hidden=\"true\" class=\"wp-block-cover__background has-background-dim-0 has-background-dim\" style=\"background-color:#696778\"><\/span><div class=\"wp-block-cover__inner-container has-global-padding is-layout-constrained wp-container-core-cover-is-layout-2e4b75aa wp-block-cover-is-layout-constrained\">\n<h1 class=\"wp-block-heading has-text-align-center has-text-color has-link-color wp-elements-77643ad4ee7b2a7a8b4db169cc8b7860\" style=\"color:#f08e80;font-size:clamp(20px, 1.25rem + ((1vw - 3.2px) * 1.364), 32px);\">Make your brand shine!<\/h1>\n\n\n\n<p class=\"has-text-align-center has-text-color has-link-color wp-elements-b8e6a0a0e74570de56470caee319ecac\" style=\"color:#4b4b4b\">Daily Barb Studio helps brands reveal their identity and universe through comprehensive, elegant and tailor-made digital communication. Discover my services and how together we can give your project a new lease of life.<\/p>\n\n\n\n<hr class=\"wp-block-separator has-text-color has-alpha-channel-opacity has-background\" style=\"margin-top:15px;margin-bottom:15px;background-color:#f08e80;color:#f08e80\"\/>\n\n\n\n<div class=\"wp-block-columns is-layout-flex wp-container-core-columns-is-layout-f350720d wp-block-columns-is-layout-flex\" style=\"padding-top:20px\">\n<div class=\"wp-block-column has-background is-layout-flow wp-container-core-column-is-layout-af27bfb9 wp-block-column-is-layout-flow\" style=\"background-color:#fdf0e6;padding-top:30px;padding-right:20px;padding-bottom:30px;padding-left:20px\">\n<h2 class=\"wp-block-heading has-text-align-center has-text-color has-link-color has-inter-font-family wp-elements-a86b81dd898946c4ab93cfdc26882ae8\" style=\"color:#f08e80;padding-top:20px;font-size:clamp(14px, 0.875rem + ((1vw - 3.2px) * 0.682), 20px);font-style:normal;font-weight:500;text-transform:uppercase\">Express audit<\/h2>\n\n\n\n<p class=\"has-text-color has-link-color has-lexend-font-family wp-elements-a8918b34cba67afbbf0b0f7d25205192\" style=\"color:#4b4b4b;font-size:clamp(14px, 0.875rem + ((1vw - 3.2px) * 0.227), 16px);\">The first step to shining! Because before communicating, you need to understand what you're saying. This audit is a human and honest diagnosis \u2014 not an automated report.<\/p>\n<\/div>\n\n\n\n<div class=\"wp-block-column has-background is-layout-flow wp-container-core-column-is-layout-af27bfb9 wp-block-column-is-layout-flow\" style=\"background-color:#fdf0e6;padding-top:30px;padding-right:20px;padding-bottom:30px;padding-left:20px\">\n<h2 class=\"wp-block-heading has-text-align-center has-text-color has-link-color has-inter-font-family wp-elements-efb1ebaa53db026090db073815e094b4\" style=\"color:#f08e80;padding-top:20px;font-size:clamp(14px, 0.875rem + ((1vw - 3.2px) * 0.682), 20px);font-style:normal;font-weight:500;text-transform:uppercase\">SEO \u2013 Search engine optimisation<\/h2>\n\n\n\n<p class=\"has-text-color has-link-color has-lexend-font-family wp-elements-2ae216d1bf999ee0188f517d53912704\" style=\"color:#4b4b4b;font-size:clamp(14px, 0.875rem + ((1vw - 3.2px) * 0.227), 16px);\">Make your brand shine in search results with a targeted content strategy and sustainable positioning.<\/p>\n<\/div>\n\n\n\n<div class=\"wp-block-column has-background is-layout-flow wp-container-core-column-is-layout-af27bfb9 wp-block-column-is-layout-flow\" style=\"background-color:#fdf0e6;padding-top:30px;padding-right:20px;padding-bottom:30px;padding-left:20px\">\n<h2 class=\"wp-block-heading has-text-align-center has-text-color has-link-color has-inter-font-family wp-elements-8ef3053d4949fd98effcbd39bbfb746d\" style=\"color:#f08e80;padding-top:20px;font-size:clamp(14px, 0.875rem + ((1vw - 3.2px) * 0.682), 20px);font-style:normal;font-weight:500;text-transform:uppercase\">SEA \u2013 Google Ads campaigns<\/h2>\n\n\n\n<p class=\"has-text-color has-link-color has-lexend-font-family wp-elements-313c08e8edacd3350787ae2715c09461\" style=\"color:#4b4b4b;font-size:clamp(14px, 0.875rem + ((1vw - 3.2px) * 0.227), 16px);\">Instantly gain visibility with high-performance campaigns designed to attract the right customers at the right time.<\/p>\n<\/div>\n<\/div>\n\n\n\n<div class=\"wp-block-columns is-layout-flex wp-container-core-columns-is-layout-f350720d wp-block-columns-is-layout-flex\" style=\"padding-top:20px\">\n<div class=\"wp-block-column has-background is-layout-flow wp-container-core-column-is-layout-af27bfb9 wp-block-column-is-layout-flow\" style=\"background-color:#fdf0e6;padding-top:30px;padding-right:20px;padding-bottom:30px;padding-left:20px\">\n<h2 class=\"wp-block-heading has-text-align-center has-text-color has-link-color has-inter-font-family wp-elements-30efb214dd696bcd86d8ad56545103f9\" style=\"color:#f08e80;padding-top:20px;font-size:clamp(14px, 0.875rem + ((1vw - 3.2px) * 0.682), 20px);font-style:normal;font-weight:500;text-transform:uppercase\">Social media &amp; Social Ads<\/h2>\n\n\n\n<p class=\"has-text-color has-link-color has-lexend-font-family wp-elements-56cf7237e91f8c38ace77bdb9647c339\" style=\"color:#4b4b4b;font-size:clamp(14px, 0.875rem + ((1vw - 3.2px) * 0.227), 16px);\">Connect, inspire and engage. We create content and advertising that reflects your world and boosts your reputation.<\/p>\n<\/div>\n\n\n\n<div class=\"wp-block-column has-background is-layout-flow wp-container-core-column-is-layout-af27bfb9 wp-block-column-is-layout-flow\" style=\"background-color:#fdf0e6;padding-top:30px;padding-right:20px;padding-bottom:30px;padding-left:20px\">\n<h2 class=\"wp-block-heading has-text-align-center has-text-color has-link-color has-inter-font-family wp-elements-3c296dff198ed4c36bfdd6e3286dad8b\" style=\"color:#f08e80;padding-top:20px;font-size:clamp(14px, 0.875rem + ((1vw - 3.2px) * 0.682), 20px);font-style:normal;font-weight:500;text-transform:uppercase\">Website<\/h2>\n\n\n\n<p class=\"has-text-color has-link-color has-lexend-font-family wp-elements-52636a94ae6a9a5e2ce8f05d93138f27\" style=\"color:#4b4b4b;font-size:clamp(14px, 0.875rem + ((1vw - 3.2px) * 0.227), 16px);\">Designing elegant, optimised and easy-to-navigate websites \u2014 a true reflection of your brand, designed to convert.<\/p>\n<\/div>\n\n\n\n<div class=\"wp-block-column has-background is-layout-flow wp-container-core-column-is-layout-af27bfb9 wp-block-column-is-layout-flow\" style=\"background-color:#fdf0e6;padding-top:30px;padding-right:20px;padding-bottom:30px;padding-left:20px\">\n<h2 class=\"wp-block-heading has-text-align-center has-text-color has-link-color has-inter-font-family wp-elements-a43effbed7fdb1799112ad473ba2000d\" style=\"color:#f08e80;padding-top:20px;font-size:clamp(14px, 0.875rem + ((1vw - 3.2px) * 0.682), 20px);font-style:normal;font-weight:500;text-transform:uppercase\">Photo &amp; video shoot<\/h2>\n\n\n\n<p class=\"has-text-color has-link-color has-lexend-font-family wp-elements-4afad26dea9ce1e0b7497a51ac762da4\" style=\"color:#4b4b4b;font-size:clamp(14px, 0.875rem + ((1vw - 3.2px) * 0.227), 16px);\">Highlight your identity through authentic and carefully crafted visuals to tell your story with emotion.<\/p>\n<\/div>\n<\/div>\n<\/div><\/div>\n\n\n\n<div class=\"wp-block-cover alignfull is-light\" style=\"min-height:350px;aspect-ratio:unset;\"><img fetchpriority=\"high\" decoding=\"async\" width=\"2560\" height=\"1707\" class=\"wp-block-cover__image-background wp-image-331 size-full\" alt=\"Agence de communication Daily Barb Studio\" src=\"https:\/\/www.dailybarbstudio.comwp-content\/uploads\/2025\/10\/thought-catalog-TIutDBFEtcY-unsplash-1-scaled.jpg\" data-object-fit=\"cover\" srcset=\"https:\/\/www.dailybarbstudio.com\/wp-content\/uploads\/2025\/10\/thought-catalog-TIutDBFEtcY-unsplash-1-scaled.jpg 2560w, https:\/\/www.dailybarbstudio.com\/wp-content\/uploads\/2025\/10\/thought-catalog-TIutDBFEtcY-unsplash-1-300x200.jpg 300w, https:\/\/www.dailybarbstudio.com\/wp-content\/uploads\/2025\/10\/thought-catalog-TIutDBFEtcY-unsplash-1-1024x683.jpg 1024w, https:\/\/www.dailybarbstudio.com\/wp-content\/uploads\/2025\/10\/thought-catalog-TIutDBFEtcY-unsplash-1-768x512.jpg 768w\" sizes=\"(max-width: 2560px) 100vw, 2560px\" \/><span aria-hidden=\"true\" class=\"wp-block-cover__background has-background-dim-10 has-background-dim\" style=\"background-color:#1f1f1f\"><\/span><div class=\"wp-block-cover__inner-container has-global-padding is-layout-constrained wp-container-core-cover-is-layout-4383d167 wp-block-cover-is-layout-constrained\">\n<h3 class=\"wp-block-heading has-text-align-center has-text-color has-link-color wp-elements-3c278e020f26e63593635893d30f1467\" style=\"color:#ffffff;font-size:clamp(30.693px, 1.918rem + ((1vw - 3.2px) * 2.649), 54px);\">Your brand deserves a boost!<\/h3>\n\n\n\n<p class=\"has-text-align-center has-text-color has-link-color wp-elements-69ac2f52d37d15f4973cba39a7747870\" style=\"color:#ffffff\">Treat yourself to an <em>30-minute<\/em> Express Session and take your communication to the next level.<\/p>\n\n\n\n<div class=\"wp-block-buttons is-content-justification-center is-layout-flex wp-container-core-buttons-is-layout-a89b3969 wp-block-buttons-is-layout-flex\">\n<div class=\"wp-block-button\"><a class=\"wp-block-button__link wp-element-button\" href=\"https:\/\/calendly.com\/lestudiodebarbara\/session?fbclid=PAZXh0bgNhZW0CMTEAAacLhbSKhXn5u9rfq4dSy4k9MHkKAsp66xXW1sDubeGeFOTmHQWuNThSH16-lA_aem_--6ZseTkp9L6N08_TG9VIw\" target=\"_blank\" rel=\"noreferrer noopener\">Book here<\/a><\/div>\n<\/div>\n<\/div><\/div>\n\n\n\n<p><\/p>","protected":false},"excerpt":{"rendered":"","protected":false},"author":1,"featured_media":0,"parent":0,"menu_order":3,"comment_status":"closed","ping_status":"closed","template":"","meta":{"footnotes":""},"class_list":["post-155","page","type-page","status-publish","hentry"],"yoast_head":"<!-- This site is optimized with the Yoast SEO plugin v27.4 - https:\/\/yoast.com\/product\/yoast-seo-wordpress\/ -->\n<title>Services en communication - Daily Barb Studio<\/title>\n<meta name=\"description\" content=\"Daily Barb Studio accompagne les marques dans leur strat\u00e9gie de communication, la cr\u00e9ation de contenu et le digital.\" \/>\n<meta name=\"robots\" content=\"index, follow, max-snippet:-1, max-image-preview:large, max-video-preview:-1\" \/>\n<link rel=\"canonical\" href=\"https:\/\/www.dailybarbstudio.com\/en\/services\/\" \/>\n<meta property=\"og:locale\" content=\"en_GB\" \/>\n<meta property=\"og:type\" content=\"article\" \/>\n<meta property=\"og:title\" content=\"Services en communication - Daily Barb Studio\" \/>\n<meta property=\"og:description\" content=\"Daily Barb Studio accompagne les marques dans leur strat\u00e9gie de communication, la cr\u00e9ation de contenu et le digital.\" \/>\n<meta property=\"og:url\" content=\"https:\/\/www.dailybarbstudio.com\/en\/services\/\" \/>\n<meta property=\"og:site_name\" content=\"Daily Barb Studio\" \/>\n<meta property=\"article:publisher\" content=\"https:\/\/www.facebook.com\/people\/Daily-Barb-Studio\/61580484684165\/\" \/>\n<meta property=\"article:modified_time\" content=\"2026-01-02T21:34:08+00:00\" \/>\n<meta property=\"og:image\" content=\"https:\/\/www.dailybarbstudio.comwp-content\/uploads\/2025\/10\/thought-catalog-TIutDBFEtcY-unsplash-1-scaled.jpg\" \/>\n<meta name=\"twitter:card\" content=\"summary_large_image\" \/>\n<meta name=\"twitter:label1\" content=\"Estimated reading time\" \/>\n\t<meta name=\"twitter:data1\" content=\"2 minutes\" \/>\n<script type=\"application\/ld+json\" class=\"yoast-schema-graph\">{\"@context\":\"https:\\\/\\\/schema.org\",\"@graph\":[{\"@type\":\"WebPage\",\"@id\":\"https:\\\/\\\/www.dailybarbstudio.com\\\/services\\\/\",\"url\":\"https:\\\/\\\/www.dailybarbstudio.com\\\/services\\\/\",\"name\":\"Services en communication - Daily Barb Studio\",\"isPartOf\":{\"@id\":\"https:\\\/\\\/www.dailybarbstudio.com\\\/#website\"},\"primaryImageOfPage\":{\"@id\":\"https:\\\/\\\/www.dailybarbstudio.com\\\/services\\\/#primaryimage\"},\"image\":{\"@id\":\"https:\\\/\\\/www.dailybarbstudio.com\\\/services\\\/#primaryimage\"},\"thumbnailUrl\":\"https:\\\/\\\/www.dailybarbstudio.comwp-content\\\/uploads\\\/2025\\\/10\\\/thought-catalog-TIutDBFEtcY-unsplash-1-scaled.jpg\",\"datePublished\":\"2025-10-17T08:42:45+00:00\",\"dateModified\":\"2026-01-02T21:34:08+00:00\",\"description\":\"Daily Barb Studio accompagne les marques dans leur strat\u00e9gie de communication, la cr\u00e9ation de contenu et le digital.\",\"breadcrumb\":{\"@id\":\"https:\\\/\\\/www.dailybarbstudio.com\\\/services\\\/#breadcrumb\"},\"inLanguage\":\"en-GB\",\"potentialAction\":[{\"@type\":\"ReadAction\",\"target\":[\"https:\\\/\\\/www.dailybarbstudio.com\\\/services\\\/\"]}]},{\"@type\":\"ImageObject\",\"inLanguage\":\"en-GB\",\"@id\":\"https:\\\/\\\/www.dailybarbstudio.com\\\/services\\\/#primaryimage\",\"url\":\"https:\\\/\\\/www.dailybarbstudio.comwp-content\\\/uploads\\\/2025\\\/10\\\/thought-catalog-TIutDBFEtcY-unsplash-1-scaled.jpg\",\"contentUrl\":\"https:\\\/\\\/www.dailybarbstudio.comwp-content\\\/uploads\\\/2025\\\/10\\\/thought-catalog-TIutDBFEtcY-unsplash-1-scaled.jpg\"},{\"@type\":\"BreadcrumbList\",\"@id\":\"https:\\\/\\\/www.dailybarbstudio.com\\\/services\\\/#breadcrumb\",\"itemListElement\":[{\"@type\":\"ListItem\",\"position\":1,\"name\":\"Accueil\",\"item\":\"https:\\\/\\\/www.dailybarbstudio.com\\\/\"},{\"@type\":\"ListItem\",\"position\":2,\"name\":\"Services\"}]},{\"@type\":\"WebSite\",\"@id\":\"https:\\\/\\\/www.dailybarbstudio.com\\\/#website\",\"url\":\"https:\\\/\\\/www.dailybarbstudio.com\\\/\",\"name\":\"Daily Barb Studio\",\"description\":\"Pens\u00e9 \u00e0 Nice, imagin\u00e9 pour rayonner\",\"publisher\":{\"@id\":\"https:\\\/\\\/www.dailybarbstudio.com\\\/#organization\"},\"alternateName\":\"Daily Barb Studio\",\"potentialAction\":[{\"@type\":\"SearchAction\",\"target\":{\"@type\":\"EntryPoint\",\"urlTemplate\":\"https:\\\/\\\/www.dailybarbstudio.com\\\/?s={search_term_string}\"},\"query-input\":{\"@type\":\"PropertyValueSpecification\",\"valueRequired\":true,\"valueName\":\"search_term_string\"}}],\"inLanguage\":\"en-GB\"},{\"@type\":\"Organization\",\"@id\":\"https:\\\/\\\/www.dailybarbstudio.com\\\/#organization\",\"name\":\"Daily Barb Studio - Agence de communication globale \u00e0 Nice et \u00e0 Bordeaux\",\"alternateName\":\"Daily Barb Studio - Agence de communication \u00e0 Nice et Bordeaux\",\"url\":\"https:\\\/\\\/www.dailybarbstudio.com\\\/\",\"logo\":{\"@type\":\"ImageObject\",\"inLanguage\":\"en-GB\",\"@id\":\"https:\\\/\\\/www.dailybarbstudio.com\\\/#\\\/schema\\\/logo\\\/image\\\/\",\"url\":\"https:\\\/\\\/www.dailybarbstudio.com\\\/wp-content\\\/uploads\\\/2025\\\/10\\\/B_.png\",\"contentUrl\":\"https:\\\/\\\/www.dailybarbstudio.com\\\/wp-content\\\/uploads\\\/2025\\\/10\\\/B_.png\",\"width\":704,\"height\":594,\"caption\":\"Daily Barb Studio - Agence de communication globale \u00e0 Nice et \u00e0 Bordeaux\"},\"image\":{\"@id\":\"https:\\\/\\\/www.dailybarbstudio.com\\\/#\\\/schema\\\/logo\\\/image\\\/\"},\"sameAs\":[\"https:\\\/\\\/www.facebook.com\\\/people\\\/Daily-Barb-Studio\\\/61580484684165\\\/\",\"https:\\\/\\\/www.instagram.com\\\/dailybarbstudio\\\/\",\"https:\\\/\\\/www.linkedin.com\\\/company\\\/dailybarbstudio\\\/\"]}]}<\/script>\n<!-- \/ Yoast SEO plugin. -->","yoast_head_json":{"title":"Services en communication - Daily Barb Studio","description":"Daily Barb Studio accompagne les marques dans leur strat\u00e9gie de communication, la cr\u00e9ation de contenu et le digital.","robots":{"index":"index","follow":"follow","max-snippet":"max-snippet:-1","max-image-preview":"max-image-preview:large","max-video-preview":"max-video-preview:-1"},"canonical":"https:\/\/www.dailybarbstudio.com\/en\/services\/","og_locale":"en_GB","og_type":"article","og_title":"Services en communication - Daily Barb Studio","og_description":"Daily Barb Studio accompagne les marques dans leur strat\u00e9gie de communication, la cr\u00e9ation de contenu et le digital.","og_url":"https:\/\/www.dailybarbstudio.com\/en\/services\/","og_site_name":"Daily Barb Studio","article_publisher":"https:\/\/www.facebook.com\/people\/Daily-Barb-Studio\/61580484684165\/","article_modified_time":"2026-01-02T21:34:08+00:00","og_image":[{"url":"https:\/\/www.dailybarbstudio.comwp-content\/uploads\/2025\/10\/thought-catalog-TIutDBFEtcY-unsplash-1-scaled.jpg","type":"","width":"","height":""}],"twitter_card":"summary_large_image","twitter_misc":{"Estimated reading time":"2 minutes"},"schema":{"@context":"https:\/\/schema.org","@graph":[{"@type":"WebPage","@id":"https:\/\/www.dailybarbstudio.com\/services\/","url":"https:\/\/www.dailybarbstudio.com\/services\/","name":"Services en communication - Daily Barb Studio","isPartOf":{"@id":"https:\/\/www.dailybarbstudio.com\/#website"},"primaryImageOfPage":{"@id":"https:\/\/www.dailybarbstudio.com\/services\/#primaryimage"},"image":{"@id":"https:\/\/www.dailybarbstudio.com\/services\/#primaryimage"},"thumbnailUrl":"https:\/\/www.dailybarbstudio.comwp-content\/uploads\/2025\/10\/thought-catalog-TIutDBFEtcY-unsplash-1-scaled.jpg","datePublished":"2025-10-17T08:42:45+00:00","dateModified":"2026-01-02T21:34:08+00:00","description":"Daily Barb Studio accompagne les marques dans leur strat\u00e9gie de communication, la cr\u00e9ation de contenu et le digital.","breadcrumb":{"@id":"https:\/\/www.dailybarbstudio.com\/services\/#breadcrumb"},"inLanguage":"en-GB","potentialAction":[{"@type":"ReadAction","target":["https:\/\/www.dailybarbstudio.com\/services\/"]}]},{"@type":"ImageObject","inLanguage":"en-GB","@id":"https:\/\/www.dailybarbstudio.com\/services\/#primaryimage","url":"https:\/\/www.dailybarbstudio.comwp-content\/uploads\/2025\/10\/thought-catalog-TIutDBFEtcY-unsplash-1-scaled.jpg","contentUrl":"https:\/\/www.dailybarbstudio.comwp-content\/uploads\/2025\/10\/thought-catalog-TIutDBFEtcY-unsplash-1-scaled.jpg"},{"@type":"BreadcrumbList","@id":"https:\/\/www.dailybarbstudio.com\/services\/#breadcrumb","itemListElement":[{"@type":"ListItem","position":1,"name":"Accueil","item":"https:\/\/www.dailybarbstudio.com\/"},{"@type":"ListItem","position":2,"name":"Services"}]},{"@type":"WebSite","@id":"https:\/\/www.dailybarbstudio.com\/#website","url":"https:\/\/www.dailybarbstudio.com\/","name":"Daily Barb Studio","description":"Pens\u00e9 \u00e0 Nice, imagin\u00e9 pour rayonner","publisher":{"@id":"https:\/\/www.dailybarbstudio.com\/#organization"},"alternateName":"Daily Barb Studio","potentialAction":[{"@type":"SearchAction","target":{"@type":"EntryPoint","urlTemplate":"https:\/\/www.dailybarbstudio.com\/?s={search_term_string}"},"query-input":{"@type":"PropertyValueSpecification","valueRequired":true,"valueName":"search_term_string"}}],"inLanguage":"en-GB"},{"@type":"Organization","@id":"https:\/\/www.dailybarbstudio.com\/#organization","name":"Daily Barb Studio - Agence de communication globale \u00e0 Nice et \u00e0 Bordeaux","alternateName":"Daily Barb Studio - Agence de communication \u00e0 Nice et Bordeaux","url":"https:\/\/www.dailybarbstudio.com\/","logo":{"@type":"ImageObject","inLanguage":"en-GB","@id":"https:\/\/www.dailybarbstudio.com\/#\/schema\/logo\/image\/","url":"https:\/\/www.dailybarbstudio.com\/wp-content\/uploads\/2025\/10\/B_.png","contentUrl":"https:\/\/www.dailybarbstudio.com\/wp-content\/uploads\/2025\/10\/B_.png","width":704,"height":594,"caption":"Daily Barb Studio - Agence de communication globale \u00e0 Nice et \u00e0 Bordeaux"},"image":{"@id":"https:\/\/www.dailybarbstudio.com\/#\/schema\/logo\/image\/"},"sameAs":["https:\/\/www.facebook.com\/people\/Daily-Barb-Studio\/61580484684165\/","https:\/\/www.instagram.com\/dailybarbstudio\/","https:\/\/www.linkedin.com\/company\/dailybarbstudio\/"]}]}},"_links":{"self":[{"href":"https:\/\/www.dailybarbstudio.com\/en\/wp-json\/wp\/v2\/pages\/155","targetHints":{"allow":["GET"]}}],"collection":[{"href":"https:\/\/www.dailybarbstudio.com\/en\/wp-json\/wp\/v2\/pages"}],"about":[{"href":"https:\/\/www.dailybarbstudio.com\/en\/wp-json\/wp\/v2\/types\/page"}],"author":[{"embeddable":true,"href":"https:\/\/www.dailybarbstudio.com\/en\/wp-json\/wp\/v2\/users\/1"}],"replies":[{"embeddable":true,"href":"https:\/\/www.dailybarbstudio.com\/en\/wp-json\/wp\/v2\/comments?post=155"}],"version-history":[{"count":18,"href":"https:\/\/www.dailybarbstudio.com\/en\/wp-json\/wp\/v2\/pages\/155\/revisions"}],"predecessor-version":[{"id":987,"href":"https:\/\/www.dailybarbstudio.com\/en\/wp-json\/wp\/v2\/pages\/155\/revisions\/987"}],"wp:attachment":[{"href":"https:\/\/www.dailybarbstudio.com\/en\/wp-json\/wp\/v2\/media?parent=155"}],"curies":[{"name":"wp","href":"https:\/\/api.w.org\/{rel}","templated":true}]}}