{"id":162,"date":"2025-10-17T08:47:20","date_gmt":"2025-10-17T08:47:20","guid":{"rendered":"https:\/\/lestudiodebarbara.com\/?page_id=162"},"modified":"2026-01-02T21:13:52","modified_gmt":"2026-01-02T21:13:52","slug":"contact","status":"publish","type":"page","link":"https:\/\/www.dailybarbstudio.com\/en\/contact\/","title":{"rendered":"Contact"},"content":{"rendered":"\n<div class=\"wp-block-group alignwide has-global-padding is-layout-constrained wp-container-core-group-is-layout-61de81a8 wp-block-group-is-layout-constrained\" style=\"margin-top:0;margin-bottom:0;padding-top:20px;padding-bottom:20px\">\n<div class=\"wp-block-columns are-vertically-aligned-center is-layout-flex wp-container-core-columns-is-layout-c2d6fa21 wp-block-columns-is-layout-flex\">\n<div class=\"wp-block-column is-vertically-aligned-center is-layout-flow wp-block-column-is-layout-flow\" style=\"padding-top:10px\">\n<figure class=\"wp-block-image size-full is-resized\"><img fetchpriority=\"high\" decoding=\"async\" width=\"512\" height=\"512\" src=\"http:\/\/lestudiodebarbara.com\/wp-content\/uploads\/2025\/10\/old-typical-phone.png\" alt=\"Daily Barb Studio - Contact agence de communication\" class=\"wp-image-469\" style=\"object-fit:cover;width:50px;height:50px\" srcset=\"https:\/\/www.dailybarbstudio.com\/wp-content\/uploads\/2025\/10\/old-typical-phone.png 512w, https:\/\/www.dailybarbstudio.com\/wp-content\/uploads\/2025\/10\/old-typical-phone-300x300.png 300w, https:\/\/www.dailybarbstudio.com\/wp-content\/uploads\/2025\/10\/old-typical-phone-150x150.png 150w, https:\/\/www.dailybarbstudio.com\/wp-content\/uploads\/2025\/10\/old-typical-phone-12x12.png 12w\" sizes=\"(max-width: 512px) 100vw, 512px\" \/><\/figure>\n\n\n\n<div class=\"wp-block-group is-nowrap is-layout-flex wp-container-core-group-is-layout-6c531013 wp-block-group-is-layout-flex\">\n<h1 class=\"wp-block-heading has-text-color has-inter-font-family\" style=\"color:#f08e80;font-size:clamp(21.536px, 1.346rem + ((1vw - 3.2px) * 1.53), 35px);font-style:normal;font-weight:600\">Restons en contact !<\/h1>\n<\/div>\n\n\n\n<p><\/p>\n\n\n\n<p class=\"has-text-color has-lexend-font-family\" style=\"color:#4b4b4b;font-size:clamp(14px, 0.875rem + ((1vw - 3.2px) * 0.455), 18px);\">Une id\u00e9e, un projet ou juste envie d\u2019\u00e9changer ?<\/p>\n\n\n\n<p class=\"has-text-color has-lexend-font-family\" style=\"color:#4b4b4b;font-size:clamp(14px, 0.875rem + ((1vw - 3.2px) * 0.455), 18px);\">\u00c9cris-moi, je serai ravie d\u2019en parler avec toi et de voir comment nous pouvons faire briller tes id\u00e9es ensemble.<\/p>\n\n\n\n<p class=\"has-text-color has-lexend-font-family\" style=\"color:#3a3a3a;font-size:clamp(14px, 0.875rem + ((1vw - 3.2px) * 0.455), 18px);\">\ud83d\udce9<br>(Laisse-moi ton num\u00e9ro de t\u00e9l\u00e9phone si tu souhaites \u00eatre rappel\u00e9.)<\/p>\n\n\n\n<ul class=\"wp-block-social-links has-icon-color is-style-logos-only is-layout-flex wp-container-core-social-links-is-layout-f8971708 wp-block-social-links-is-layout-flex\"><li style=\"color:#ff6f5d;\" class=\"wp-social-link wp-social-link-linkedin  wp-block-social-link\"><a href=\"https:\/\/www.linkedin.com\/company\/dailybarbstudio\/\" class=\"wp-block-social-link-anchor\"><svg width=\"24\" height=\"24\" viewBox=\"0 0 24 24\" version=\"1.1\" xmlns=\"http:\/\/www.w3.org\/2000\/svg\" aria-hidden=\"true\" focusable=\"false\"><path d=\"M19.7,3H4.3C3.582,3,3,3.582,3,4.3v15.4C3,20.418,3.582,21,4.3,21h15.4c0.718,0,1.3-0.582,1.3-1.3V4.3 C21,3.582,20.418,3,19.7,3z M8.339,18.338H5.667v-8.59h2.672V18.338z M7.004,8.574c-0.857,0-1.549-0.694-1.549-1.548 c0-0.855,0.691-1.548,1.549-1.548c0.854,0,1.547,0.694,1.547,1.548C8.551,7.881,7.858,8.574,7.004,8.574z M18.339,18.338h-2.669 v-4.177c0-0.996-0.017-2.278-1.387-2.278c-1.389,0-1.601,1.086-1.601,2.206v4.249h-2.667v-8.59h2.559v1.174h0.037 c0.356-0.675,1.227-1.387,2.526-1.387c2.703,0,3.203,1.779,3.203,4.092V18.338z\"><\/path><\/svg><span class=\"wp-block-social-link-label screen-reader-text\">LinkedIn<\/span><\/a><\/li>\n\n<li style=\"color:#ff6f5d;\" class=\"wp-social-link wp-social-link-facebook  wp-block-social-link\"><a href=\"https:\/\/www.facebook.com\/people\/Le-Studio-de-Barbara\/61580484684165\/\" class=\"wp-block-social-link-anchor\"><svg width=\"24\" height=\"24\" viewBox=\"0 0 24 24\" version=\"1.1\" xmlns=\"http:\/\/www.w3.org\/2000\/svg\" aria-hidden=\"true\" focusable=\"false\"><path d=\"M12 2C6.5 2 2 6.5 2 12c0 5 3.7 9.1 8.4 9.9v-7H7.9V12h2.5V9.8c0-2.5 1.5-3.9 3.8-3.9 1.1 0 2.2.2 2.2.2v2.5h-1.3c-1.2 0-1.6.8-1.6 1.6V12h2.8l-.4 2.9h-2.3v7C18.3 21.1 22 17 22 12c0-5.5-4.5-10-10-10z\"><\/path><\/svg><span class=\"wp-block-social-link-label screen-reader-text\">Facebook<\/span><\/a><\/li>\n\n<li style=\"color:#ff6f5d;\" class=\"wp-social-link wp-social-link-instagram  wp-block-social-link\"><a href=\"https:\/\/www.instagram.com\/dailybarbstudio\/\" class=\"wp-block-social-link-anchor\"><svg width=\"24\" height=\"24\" viewBox=\"0 0 24 24\" version=\"1.1\" xmlns=\"http:\/\/www.w3.org\/2000\/svg\" aria-hidden=\"true\" focusable=\"false\"><path d=\"M12,4.622c2.403,0,2.688,0.009,3.637,0.052c0.877,0.04,1.354,0.187,1.671,0.31c0.42,0.163,0.72,0.358,1.035,0.673 c0.315,0.315,0.51,0.615,0.673,1.035c0.123,0.317,0.27,0.794,0.31,1.671c0.043,0.949,0.052,1.234,0.052,3.637 s-0.009,2.688-0.052,3.637c-0.04,0.877-0.187,1.354-0.31,1.671c-0.163,0.42-0.358,0.72-0.673,1.035 c-0.315,0.315-0.615,0.51-1.035,0.673c-0.317,0.123-0.794,0.27-1.671,0.31c-0.949,0.043-1.233,0.052-3.637,0.052 s-2.688-0.009-3.637-0.052c-0.877-0.04-1.354-0.187-1.671-0.31c-0.42-0.163-0.72-0.358-1.035-0.673 c-0.315-0.315-0.51-0.615-0.673-1.035c-0.123-0.317-0.27-0.794-0.31-1.671C4.631,14.688,4.622,14.403,4.622,12 s0.009-2.688,0.052-3.637c0.04-0.877,0.187-1.354,0.31-1.671c0.163-0.42,0.358-0.72,0.673-1.035 c0.315-0.315,0.615-0.51,1.035-0.673c0.317-0.123,0.794-0.27,1.671-0.31C9.312,4.631,9.597,4.622,12,4.622 M12,3 C9.556,3,9.249,3.01,8.289,3.054C7.331,3.098,6.677,3.25,6.105,3.472C5.513,3.702,5.011,4.01,4.511,4.511 c-0.5,0.5-0.808,1.002-1.038,1.594C3.25,6.677,3.098,7.331,3.054,8.289C3.01,9.249,3,9.556,3,12c0,2.444,0.01,2.751,0.054,3.711 c0.044,0.958,0.196,1.612,0.418,2.185c0.23,0.592,0.538,1.094,1.038,1.594c0.5,0.5,1.002,0.808,1.594,1.038 c0.572,0.222,1.227,0.375,2.185,0.418C9.249,20.99,9.556,21,12,21s2.751-0.01,3.711-0.054c0.958-0.044,1.612-0.196,2.185-0.418 c0.592-0.23,1.094-0.538,1.594-1.038c0.5-0.5,0.808-1.002,1.038-1.594c0.222-0.572,0.375-1.227,0.418-2.185 C20.99,14.751,21,14.444,21,12s-0.01-2.751-0.054-3.711c-0.044-0.958-0.196-1.612-0.418-2.185c-0.23-0.592-0.538-1.094-1.038-1.594 c-0.5-0.5-1.002-0.808-1.594-1.038c-0.572-0.222-1.227-0.375-2.185-0.418C14.751,3.01,14.444,3,12,3L12,3z M12,7.378 c-2.552,0-4.622,2.069-4.622,4.622S9.448,16.622,12,16.622s4.622-2.069,4.622-4.622S14.552,7.378,12,7.378z M12,15 c-1.657,0-3-1.343-3-3s1.343-3,3-3s3,1.343,3,3S13.657,15,12,15z M16.804,6.116c-0.596,0-1.08,0.484-1.08,1.08 s0.484,1.08,1.08,1.08c0.596,0,1.08-0.484,1.08-1.08S17.401,6.116,16.804,6.116z\"><\/path><\/svg><span class=\"wp-block-social-link-label screen-reader-text\">Instagram<\/span><\/a><\/li><\/ul>\n<\/div>\n\n\n\n<div class=\"wp-block-column is-vertically-aligned-center is-layout-flow wp-container-core-column-is-layout-92d440f1 wp-block-column-is-layout-flow\" style=\"padding-top:0;padding-bottom:0\"><style id=\"wpforms-css-vars-227-block-f4b587ee-afc2-4e1b-9ec8-c3a8d146d3cc\">\n\t\t\t\t#wpforms-227.wpforms-block-f4b587ee-afc2-4e1b-9ec8-c3a8d146d3cc {\n\t\t\t\t--wpforms-label-color: 4B4B4B;\n--wpforms-label-sublabel-color: 4B4B4B;\n--wpforms-label-error-color: #ff6e54;\n--wpforms-field-border-style: dashed;\n--wpforms-field-background-color: #fae1e1;\n--wpforms-field-border-color: ff6e54;\n--wpforms-field-border-color-spare: ff6e54;\n--wpforms-field-text-color: 4B4B4B;\n--wpforms-button-border-style: solid;\n--wpforms-button-border-radius: 33px;\n--wpforms-button-background-color: #ff6e54;\n--wpforms-button-border-color: #ff6e54;\n--wpforms-field-size-input-height: 31px;\n--wpforms-field-size-input-spacing: 10px;\n--wpforms-field-size-font-size: 14px;\n--wpforms-field-size-line-height: 17px;\n--wpforms-field-size-padding-h: 9px;\n--wpforms-field-size-checkbox-size: 14px;\n--wpforms-field-size-sublabel-spacing: 5px;\n--wpforms-field-size-icon-size: 0.75;\n--wpforms-label-size-font-size: 14px;\n--wpforms-label-size-line-height: 17px;\n--wpforms-label-size-sublabel-font-size: 13px;\n--wpforms-label-size-sublabel-line-height: 16px;\n--wpforms-button-size-font-size: 17px;\n--wpforms-button-size-height: 41px;\n--wpforms-button-size-padding-h: 15px;\n--wpforms-button-size-margin-top: 10px;\n\t\t\t}\n\t\t\t<\/style><div class=\"wpforms-container wpforms-container-full wpforms-block wpforms-block-f4b587ee-afc2-4e1b-9ec8-c3a8d146d3cc wpforms-render-modern\" id=\"wpforms-227\"><form id=\"wpforms-form-227\" class=\"wpforms-validate wpforms-form wpforms-ajax-form\" data-formid=\"227\" method=\"post\" enctype=\"multipart\/form-data\" action=\"\/en\/wp-json\/wp\/v2\/pages\/162\" data-token=\"51b750569abf0783141be0cffe6d5407\" data-token-time=\"1776302767\"><noscript class=\"wpforms-error-noscript\">Please enable JavaScript in your browser to complete this form.<\/noscript><div id=\"wpforms-error-noscript\" style=\"display: none;\">Please enable JavaScript in your browser to complete this form.<\/div><div class=\"wpforms-field-container\"><div id=\"wpforms-227-field_1-container\" class=\"wpforms-field wpforms-field-name\" data-field-id=\"1\"><label class=\"wpforms-field-label\" for=\"wpforms-227-field_1\">Nom et Pr\u00e9nom <span class=\"wpforms-required-label\" aria-hidden=\"true\">*<\/span><\/label><input type=\"text\" id=\"wpforms-227-field_1\" class=\"wpforms-field-small wpforms-field-required\" name=\"wpforms[fields][1]\" placeholder=\"Nom Pr\u00e9nom\" aria-errormessage=\"wpforms-227-field_1-error\" required><\/div>\t\t<div id=\"wpforms-227-field_3-container\"\n\t\t\tclass=\"wpforms-field wpforms-field-text\"\n\t\t\tdata-field-type=\"text\"\n\t\t\tdata-field-id=\"3\"\n\t\t\t>\n\t\t\t<label class=\"wpforms-field-label\" for=\"wpforms-227-field_3\" >Nom Message de<\/label>\n\t\t\t<input type=\"text\" id=\"wpforms-227-field_3\" class=\"wpforms-field-medium\" name=\"wpforms[fields][3]\" >\n\t\t<\/div>\n\t\t<div id=\"wpforms-227-field_2-container\" class=\"wpforms-field wpforms-field-email\" data-field-id=\"2\"><label class=\"wpforms-field-label\" for=\"wpforms-227-field_2\">Adresse e-mail <span class=\"wpforms-required-label\" aria-hidden=\"true\">*<\/span><\/label><input type=\"email\" id=\"wpforms-227-field_2\" class=\"wpforms-field-small wpforms-field-required\" name=\"wpforms[fields][2]\" placeholder=\"E-mail\" spellcheck=\"false\" aria-errormessage=\"wpforms-227-field_2-error\" required><\/div><div id=\"wpforms-227-field_5-container\" class=\"wpforms-field wpforms-field-select wpforms-field-select-style-modern\" data-field-id=\"5\"><label class=\"wpforms-field-label\" for=\"wpforms-227-field_5\">Sujet de la demande<\/label><select id=\"wpforms-227-field_5\" class=\"wpforms-field-medium choicesjs-select\" data-size-class=\"wpforms-field-row wpforms-field-medium\" data-search-enabled=\"\" name=\"wpforms[fields][5]\"><option value=\"\" class=\"placeholder\" disabled  selected='selected'>S\u00e9lectionne ton choix \u2b07\ufe0f<\/option><option value=\"SEO\"  class=\"choice-1 depth-1\"  >SEO<\/option><option value=\"SEA\"  class=\"choice-2 depth-1\"  >SEA<\/option><option value=\"R\u00e9seaux Sociaux\"  class=\"choice-3 depth-1\"  >R\u00e9seaux Sociaux<\/option><option value=\"Site Web\"  class=\"choice-4 depth-1\"  >Site Web<\/option><option value=\"Shooting Photo \/ Vid\u00e9o\"  class=\"choice-5 depth-1\"  >Shooting Photo \/ Vid\u00e9o<\/option><\/select><\/div><div id=\"wpforms-227-field_6-container\" class=\"wpforms-field wpforms-field-textarea\" data-field-id=\"6\"><label class=\"wpforms-field-label\" for=\"wpforms-227-field_6\">Message<\/label><textarea id=\"wpforms-227-field_6\" class=\"wpforms-field-medium\" name=\"wpforms[fields][6]\" placeholder=\"\u00c9cris un commentaire ou un message\" aria-errormessage=\"wpforms-227-field_6-error\" ><\/textarea><\/div><script>\n\t\t\t\t( function() {\n\t\t\t\t\tconst style = document.createElement( 'style' );\n\t\t\t\t\tstyle.appendChild( document.createTextNode( '#wpforms-227-field_3-container { position: absolute !important; overflow: hidden !important; display: inline !important; height: 1px !important; width: 1px !important; z-index: -1000 !important; padding: 0 !important; } #wpforms-227-field_3-container input { visibility: hidden; } #wpforms-conversational-form-page #wpforms-227-field_3-container label { counter-increment: none; }' ) );\n\t\t\t\t\tdocument.head.appendChild( style );\n\t\t\t\t\tdocument.currentScript?.remove();\n\t\t\t\t} )();\n\t\t\t<\/script><\/div><!-- .wpforms-field-container --><div class=\"wpforms-submit-container\" ><input type=\"hidden\" name=\"wpforms[id]\" value=\"227\"><input type=\"hidden\" name=\"page_title\" value=\"\"><input type=\"hidden\" name=\"page_url\" value=\"https:\/\/www.dailybarbstudio.com\/en\/wp-json\/wp\/v2\/pages\/162\"><input type=\"hidden\" name=\"url_referer\" value=\"\"><button type=\"submit\" name=\"wpforms[submit]\" id=\"wpforms-submit-227\" class=\"wpforms-submit\" data-alt-text=\"Envoi...\" data-submit-text=\"Envoyer\" aria-live=\"assertive\" value=\"wpforms-submit\">Envoyer<\/button><img decoding=\"async\" src=\"https:\/\/www.dailybarbstudio.com\/wp-content\/plugins\/wpforms-lite\/assets\/images\/submit-spin.svg\" class=\"wpforms-submit-spinner\" style=\"display: none;\" width=\"26\" height=\"26\" alt=\"Loading\"><\/div><\/form><\/div>  <!-- .wpforms-container --><\/div>\n<\/div>\n<\/div>\n\n\n\n<p><\/p>\n","protected":false},"excerpt":{"rendered":"<p>Restons en contact ! Une id\u00e9e, un projet ou juste envie d\u2019\u00e9changer ? \u00c9cris-moi, je serai ravie d\u2019en parler avec toi et de voir comment nous pouvons faire briller tes id\u00e9es ensemble. \ud83d\udce9(Laisse-moi ton num\u00e9ro de t\u00e9l\u00e9phone si tu souhaites \u00eatre rappel\u00e9.)<\/p>","protected":false},"author":1,"featured_media":0,"parent":0,"menu_order":4,"comment_status":"closed","ping_status":"closed","template":"","meta":{"footnotes":""},"class_list":["post-162","page","type-page","status-publish","hentry"],"yoast_head":"<!-- This site is optimized with the Yoast SEO plugin v27.4 - https:\/\/yoast.com\/product\/yoast-seo-wordpress\/ -->\n<title>Contact - Agence de communication Daily Barb Studio<\/title>\n<meta name=\"description\" content=\"Contactez Le Daily Barb Studio pour \u00e9changer sur vos projets de communication et pour vos cr\u00e9ations de contenu.\" \/>\n<meta name=\"robots\" content=\"index, follow, max-snippet:-1, max-image-preview:large, max-video-preview:-1\" \/>\n<link rel=\"canonical\" href=\"https:\/\/www.dailybarbstudio.com\/en\/contact\/\" \/>\n<meta property=\"og:locale\" content=\"en_GB\" \/>\n<meta property=\"og:type\" content=\"article\" \/>\n<meta property=\"og:title\" content=\"Contact - Agence de communication Daily Barb Studio\" \/>\n<meta property=\"og:description\" content=\"Contactez Le Daily Barb Studio pour \u00e9changer sur vos projets de communication et pour vos cr\u00e9ations de contenu.\" \/>\n<meta property=\"og:url\" content=\"https:\/\/www.dailybarbstudio.com\/en\/contact\/\" \/>\n<meta property=\"og:site_name\" content=\"Daily Barb Studio\" \/>\n<meta property=\"article:publisher\" content=\"https:\/\/www.facebook.com\/people\/Daily-Barb-Studio\/61580484684165\/\" \/>\n<meta property=\"article:modified_time\" content=\"2026-01-02T21:13:52+00:00\" \/>\n<meta property=\"og:image\" content=\"http:\/\/lestudiodebarbara.com\/wp-content\/uploads\/2025\/10\/old-typical-phone.png\" \/>\n<meta name=\"twitter:card\" content=\"summary_large_image\" \/>\n<meta name=\"twitter:label1\" content=\"Estimated reading time\" \/>\n\t<meta name=\"twitter:data1\" content=\"1 minute\" \/>\n<script type=\"application\/ld+json\" class=\"yoast-schema-graph\">{\"@context\":\"https:\\\/\\\/schema.org\",\"@graph\":[{\"@type\":\"WebPage\",\"@id\":\"https:\\\/\\\/www.dailybarbstudio.com\\\/contact\\\/\",\"url\":\"https:\\\/\\\/www.dailybarbstudio.com\\\/contact\\\/\",\"name\":\"Contact - Agence de communication Daily Barb Studio\",\"isPartOf\":{\"@id\":\"https:\\\/\\\/www.dailybarbstudio.com\\\/#website\"},\"primaryImageOfPage\":{\"@id\":\"https:\\\/\\\/www.dailybarbstudio.com\\\/contact\\\/#primaryimage\"},\"image\":{\"@id\":\"https:\\\/\\\/www.dailybarbstudio.com\\\/contact\\\/#primaryimage\"},\"thumbnailUrl\":\"http:\\\/\\\/lestudiodebarbara.com\\\/wp-content\\\/uploads\\\/2025\\\/10\\\/old-typical-phone.png\",\"datePublished\":\"2025-10-17T08:47:20+00:00\",\"dateModified\":\"2026-01-02T21:13:52+00:00\",\"description\":\"Contactez Le Daily Barb Studio pour \u00e9changer sur vos projets de communication et pour vos cr\u00e9ations de contenu.\",\"breadcrumb\":{\"@id\":\"https:\\\/\\\/www.dailybarbstudio.com\\\/contact\\\/#breadcrumb\"},\"inLanguage\":\"en-GB\",\"potentialAction\":[{\"@type\":\"ReadAction\",\"target\":[\"https:\\\/\\\/www.dailybarbstudio.com\\\/contact\\\/\"]}]},{\"@type\":\"ImageObject\",\"inLanguage\":\"en-GB\",\"@id\":\"https:\\\/\\\/www.dailybarbstudio.com\\\/contact\\\/#primaryimage\",\"url\":\"http:\\\/\\\/lestudiodebarbara.com\\\/wp-content\\\/uploads\\\/2025\\\/10\\\/old-typical-phone.png\",\"contentUrl\":\"http:\\\/\\\/lestudiodebarbara.com\\\/wp-content\\\/uploads\\\/2025\\\/10\\\/old-typical-phone.png\"},{\"@type\":\"BreadcrumbList\",\"@id\":\"https:\\\/\\\/www.dailybarbstudio.com\\\/contact\\\/#breadcrumb\",\"itemListElement\":[{\"@type\":\"ListItem\",\"position\":1,\"name\":\"Accueil\",\"item\":\"https:\\\/\\\/www.dailybarbstudio.com\\\/\"},{\"@type\":\"ListItem\",\"position\":2,\"name\":\"Contact\"}]},{\"@type\":\"WebSite\",\"@id\":\"https:\\\/\\\/www.dailybarbstudio.com\\\/#website\",\"url\":\"https:\\\/\\\/www.dailybarbstudio.com\\\/\",\"name\":\"Daily Barb Studio\",\"description\":\"Pens\u00e9 \u00e0 Nice, imagin\u00e9 pour rayonner\",\"publisher\":{\"@id\":\"https:\\\/\\\/www.dailybarbstudio.com\\\/#organization\"},\"alternateName\":\"Daily Barb Studio\",\"potentialAction\":[{\"@type\":\"SearchAction\",\"target\":{\"@type\":\"EntryPoint\",\"urlTemplate\":\"https:\\\/\\\/www.dailybarbstudio.com\\\/?s={search_term_string}\"},\"query-input\":{\"@type\":\"PropertyValueSpecification\",\"valueRequired\":true,\"valueName\":\"search_term_string\"}}],\"inLanguage\":\"en-GB\"},{\"@type\":\"Organization\",\"@id\":\"https:\\\/\\\/www.dailybarbstudio.com\\\/#organization\",\"name\":\"Daily Barb Studio - Agence de communication globale \u00e0 Nice et \u00e0 Bordeaux\",\"alternateName\":\"Daily Barb Studio - Agence de communication \u00e0 Nice et Bordeaux\",\"url\":\"https:\\\/\\\/www.dailybarbstudio.com\\\/\",\"logo\":{\"@type\":\"ImageObject\",\"inLanguage\":\"en-GB\",\"@id\":\"https:\\\/\\\/www.dailybarbstudio.com\\\/#\\\/schema\\\/logo\\\/image\\\/\",\"url\":\"https:\\\/\\\/www.dailybarbstudio.com\\\/wp-content\\\/uploads\\\/2025\\\/10\\\/B_.png\",\"contentUrl\":\"https:\\\/\\\/www.dailybarbstudio.com\\\/wp-content\\\/uploads\\\/2025\\\/10\\\/B_.png\",\"width\":704,\"height\":594,\"caption\":\"Daily Barb Studio - Agence de communication globale \u00e0 Nice et \u00e0 Bordeaux\"},\"image\":{\"@id\":\"https:\\\/\\\/www.dailybarbstudio.com\\\/#\\\/schema\\\/logo\\\/image\\\/\"},\"sameAs\":[\"https:\\\/\\\/www.facebook.com\\\/people\\\/Daily-Barb-Studio\\\/61580484684165\\\/\",\"https:\\\/\\\/www.instagram.com\\\/dailybarbstudio\\\/\",\"https:\\\/\\\/www.linkedin.com\\\/company\\\/dailybarbstudio\\\/\"]}]}<\/script>\n<!-- \/ Yoast SEO plugin. -->","yoast_head_json":{"title":"Contact - Agence de communication Daily Barb Studio","description":"Contactez Le Daily Barb Studio pour \u00e9changer sur vos projets de communication et pour vos cr\u00e9ations de contenu.","robots":{"index":"index","follow":"follow","max-snippet":"max-snippet:-1","max-image-preview":"max-image-preview:large","max-video-preview":"max-video-preview:-1"},"canonical":"https:\/\/www.dailybarbstudio.com\/en\/contact\/","og_locale":"en_GB","og_type":"article","og_title":"Contact - Agence de communication Daily Barb Studio","og_description":"Contactez Le Daily Barb Studio pour \u00e9changer sur vos projets de communication et pour vos cr\u00e9ations de contenu.","og_url":"https:\/\/www.dailybarbstudio.com\/en\/contact\/","og_site_name":"Daily Barb Studio","article_publisher":"https:\/\/www.facebook.com\/people\/Daily-Barb-Studio\/61580484684165\/","article_modified_time":"2026-01-02T21:13:52+00:00","og_image":[{"url":"http:\/\/lestudiodebarbara.com\/wp-content\/uploads\/2025\/10\/old-typical-phone.png","type":"","width":"","height":""}],"twitter_card":"summary_large_image","twitter_misc":{"Estimated reading time":"1 minute"},"schema":{"@context":"https:\/\/schema.org","@graph":[{"@type":"WebPage","@id":"https:\/\/www.dailybarbstudio.com\/contact\/","url":"https:\/\/www.dailybarbstudio.com\/contact\/","name":"Contact - Agence de communication Daily Barb Studio","isPartOf":{"@id":"https:\/\/www.dailybarbstudio.com\/#website"},"primaryImageOfPage":{"@id":"https:\/\/www.dailybarbstudio.com\/contact\/#primaryimage"},"image":{"@id":"https:\/\/www.dailybarbstudio.com\/contact\/#primaryimage"},"thumbnailUrl":"http:\/\/lestudiodebarbara.com\/wp-content\/uploads\/2025\/10\/old-typical-phone.png","datePublished":"2025-10-17T08:47:20+00:00","dateModified":"2026-01-02T21:13:52+00:00","description":"Contactez Le Daily Barb Studio pour \u00e9changer sur vos projets de communication et pour vos cr\u00e9ations de contenu.","breadcrumb":{"@id":"https:\/\/www.dailybarbstudio.com\/contact\/#breadcrumb"},"inLanguage":"en-GB","potentialAction":[{"@type":"ReadAction","target":["https:\/\/www.dailybarbstudio.com\/contact\/"]}]},{"@type":"ImageObject","inLanguage":"en-GB","@id":"https:\/\/www.dailybarbstudio.com\/contact\/#primaryimage","url":"http:\/\/lestudiodebarbara.com\/wp-content\/uploads\/2025\/10\/old-typical-phone.png","contentUrl":"http:\/\/lestudiodebarbara.com\/wp-content\/uploads\/2025\/10\/old-typical-phone.png"},{"@type":"BreadcrumbList","@id":"https:\/\/www.dailybarbstudio.com\/contact\/#breadcrumb","itemListElement":[{"@type":"ListItem","position":1,"name":"Accueil","item":"https:\/\/www.dailybarbstudio.com\/"},{"@type":"ListItem","position":2,"name":"Contact"}]},{"@type":"WebSite","@id":"https:\/\/www.dailybarbstudio.com\/#website","url":"https:\/\/www.dailybarbstudio.com\/","name":"Daily Barb Studio","description":"Pens\u00e9 \u00e0 Nice, imagin\u00e9 pour rayonner","publisher":{"@id":"https:\/\/www.dailybarbstudio.com\/#organization"},"alternateName":"Daily Barb Studio","potentialAction":[{"@type":"SearchAction","target":{"@type":"EntryPoint","urlTemplate":"https:\/\/www.dailybarbstudio.com\/?s={search_term_string}"},"query-input":{"@type":"PropertyValueSpecification","valueRequired":true,"valueName":"search_term_string"}}],"inLanguage":"en-GB"},{"@type":"Organization","@id":"https:\/\/www.dailybarbstudio.com\/#organization","name":"Daily Barb Studio - Agence de communication globale \u00e0 Nice et \u00e0 Bordeaux","alternateName":"Daily Barb Studio - Agence de communication \u00e0 Nice et Bordeaux","url":"https:\/\/www.dailybarbstudio.com\/","logo":{"@type":"ImageObject","inLanguage":"en-GB","@id":"https:\/\/www.dailybarbstudio.com\/#\/schema\/logo\/image\/","url":"https:\/\/www.dailybarbstudio.com\/wp-content\/uploads\/2025\/10\/B_.png","contentUrl":"https:\/\/www.dailybarbstudio.com\/wp-content\/uploads\/2025\/10\/B_.png","width":704,"height":594,"caption":"Daily Barb Studio - Agence de communication globale \u00e0 Nice et \u00e0 Bordeaux"},"image":{"@id":"https:\/\/www.dailybarbstudio.com\/#\/schema\/logo\/image\/"},"sameAs":["https:\/\/www.facebook.com\/people\/Daily-Barb-Studio\/61580484684165\/","https:\/\/www.instagram.com\/dailybarbstudio\/","https:\/\/www.linkedin.com\/company\/dailybarbstudio\/"]}]}},"_links":{"self":[{"href":"https:\/\/www.dailybarbstudio.com\/en\/wp-json\/wp\/v2\/pages\/162","targetHints":{"allow":["GET"]}}],"collection":[{"href":"https:\/\/www.dailybarbstudio.com\/en\/wp-json\/wp\/v2\/pages"}],"about":[{"href":"https:\/\/www.dailybarbstudio.com\/en\/wp-json\/wp\/v2\/types\/page"}],"author":[{"embeddable":true,"href":"https:\/\/www.dailybarbstudio.com\/en\/wp-json\/wp\/v2\/users\/1"}],"replies":[{"embeddable":true,"href":"https:\/\/www.dailybarbstudio.com\/en\/wp-json\/wp\/v2\/comments?post=162"}],"version-history":[{"count":32,"href":"https:\/\/www.dailybarbstudio.com\/en\/wp-json\/wp\/v2\/pages\/162\/revisions"}],"predecessor-version":[{"id":975,"href":"https:\/\/www.dailybarbstudio.com\/en\/wp-json\/wp\/v2\/pages\/162\/revisions\/975"}],"wp:attachment":[{"href":"https:\/\/www.dailybarbstudio.com\/en\/wp-json\/wp\/v2\/media?parent=162"}],"curies":[{"name":"wp","href":"https:\/\/api.w.org\/{rel}","templated":true}]}}