{"id":242,"date":"2025-10-20T09:28:31","date_gmt":"2025-10-20T09:28:31","guid":{"rendered":"https:\/\/lestudiodebarbara.com\/?page_id=242"},"modified":"2026-01-02T21:41:00","modified_gmt":"2026-01-02T21:41:00","slug":"mentions-legales","status":"publish","type":"page","link":"https:\/\/www.dailybarbstudio.com\/en\/mentions-legales\/","title":{"rendered":"Legal notices"},"content":{"rendered":"<h3 class=\"wp-block-heading\">Legal notices<\/h3>\n\n\n\n<p><strong>Website publisher<\/strong><br>Daily Barb Studio<br>Sole trader: Barbara <br>Address: Based in Nice, France<br>E-mail : contact@dailybarbstudio.com<br>Director of Publication: Barbara<\/p>\n\n\n\n<p><strong>Website hosting<\/strong><br>Website hosted by OVH<br>2 rue Kellermann, 59100 Roubaix, France<br>Phone: 1007<br>Website: https:\/\/www.ovhcloud.com<\/p>\n\n\n\n<p><strong>Intellectual property<\/strong><br>L\u2019ensemble de ce site (textes, visuels, identit\u00e9 graphique, logo, etc.) est la propri\u00e9t\u00e9 exclusive du Daily Barb Studio.<br>Any reproduction or use without authorisation is prohibited.<\/p>\n\n\n\n<p><strong>Personal information<\/strong><br>The information provided via the contact form is used solely for the purpose of responding to your enquiries.<br>Conform\u00e9ment \u00e0 la loi Informatique et Libert\u00e9s, vous pouvez demander la suppression ou la modification de vos donn\u00e9es \u00e0 tout moment \u00e0 l\u2019adresse : contact@dailybarbstudio.com<\/p>","protected":false},"excerpt":{"rendered":"<p>Mentions l\u00e9gales \u00c9diteur du siteDaily Barb StudioEntrepreneure individuelle : Barbara Adresse : Bas\u00e9e \u00e0 Nice, FranceE-mail : contact@dailybarbstudio.comDirectrice de la publication : Barbara H\u00e9bergement du siteSite h\u00e9berg\u00e9 par OVH2 rue Kellermann, 59100 Roubaix, FranceT\u00e9l\u00e9phone : 1007Site web : https:\/\/www.ovhcloud.com Propri\u00e9t\u00e9 intellectuelleL\u2019ensemble de ce site (textes, visuels, identit\u00e9 graphique, logo, etc.) est la propri\u00e9t\u00e9 exclusive du [&hellip;]<\/p>\n","protected":false},"author":1,"featured_media":0,"parent":0,"menu_order":0,"comment_status":"closed","ping_status":"closed","template":"","meta":{"footnotes":""},"class_list":["post-242","page","type-page","status-publish","hentry"],"yoast_head":"<!-- This site is optimized with the Yoast SEO plugin v27.4 - https:\/\/yoast.com\/product\/yoast-seo-wordpress\/ -->\n<title>Mentions l\u00e9gales - Agence de communication Daily Barb Studio<\/title>\n<meta name=\"description\" content=\"D\u00e9couvrez les mentions l\u00e9gales de l&#039;agence de communication Daily Barb Studio \u00e0 Nice et Bordeaux. Contactez-moi pour toute demande.\" \/>\n<meta name=\"robots\" content=\"index, follow, max-snippet:-1, max-image-preview:large, max-video-preview:-1\" \/>\n<link rel=\"canonical\" href=\"https:\/\/www.dailybarbstudio.com\/en\/mentions-legales\/\" \/>\n<meta property=\"og:locale\" content=\"en_GB\" \/>\n<meta property=\"og:type\" content=\"article\" \/>\n<meta property=\"og:title\" content=\"Mentions l\u00e9gales - Agence de communication Daily Barb Studio\" \/>\n<meta property=\"og:description\" content=\"D\u00e9couvrez les mentions l\u00e9gales de l&#039;agence de communication Daily Barb Studio \u00e0 Nice et Bordeaux. Contactez-moi pour toute demande.\" \/>\n<meta property=\"og:url\" content=\"https:\/\/www.dailybarbstudio.com\/en\/mentions-legales\/\" \/>\n<meta property=\"og:site_name\" content=\"Daily Barb Studio\" \/>\n<meta property=\"article:publisher\" content=\"https:\/\/www.facebook.com\/people\/Daily-Barb-Studio\/61580484684165\/\" \/>\n<meta property=\"article:modified_time\" content=\"2026-01-02T21:41:00+00:00\" \/>\n<meta property=\"og:image\" content=\"https:\/\/www.dailybarbstudio.com\/wp-content\/uploads\/2025\/10\/b.jpg\" \/>\n\t<meta property=\"og:image:width\" content=\"1200\" \/>\n\t<meta property=\"og:image:height\" content=\"675\" \/>\n\t<meta property=\"og:image:type\" content=\"image\/jpeg\" \/>\n<meta name=\"twitter:card\" content=\"summary_large_image\" \/>\n<meta name=\"twitter:label1\" content=\"Estimated reading time\" \/>\n\t<meta name=\"twitter:data1\" content=\"1 minute\" \/>\n<script type=\"application\/ld+json\" class=\"yoast-schema-graph\">{\"@context\":\"https:\\\/\\\/schema.org\",\"@graph\":[{\"@type\":\"WebPage\",\"@id\":\"https:\\\/\\\/www.dailybarbstudio.com\\\/mentions-legales\\\/\",\"url\":\"https:\\\/\\\/www.dailybarbstudio.com\\\/mentions-legales\\\/\",\"name\":\"Mentions l\u00e9gales - Agence de communication Daily Barb Studio\",\"isPartOf\":{\"@id\":\"https:\\\/\\\/www.dailybarbstudio.com\\\/#website\"},\"datePublished\":\"2025-10-20T09:28:31+00:00\",\"dateModified\":\"2026-01-02T21:41:00+00:00\",\"description\":\"D\u00e9couvrez les mentions l\u00e9gales de l'agence de communication Daily Barb Studio \u00e0 Nice et Bordeaux. Contactez-moi pour toute demande.\",\"breadcrumb\":{\"@id\":\"https:\\\/\\\/www.dailybarbstudio.com\\\/mentions-legales\\\/#breadcrumb\"},\"inLanguage\":\"en-GB\",\"potentialAction\":[{\"@type\":\"ReadAction\",\"target\":[\"https:\\\/\\\/www.dailybarbstudio.com\\\/mentions-legales\\\/\"]}]},{\"@type\":\"BreadcrumbList\",\"@id\":\"https:\\\/\\\/www.dailybarbstudio.com\\\/mentions-legales\\\/#breadcrumb\",\"itemListElement\":[{\"@type\":\"ListItem\",\"position\":1,\"name\":\"Accueil\",\"item\":\"https:\\\/\\\/www.dailybarbstudio.com\\\/\"},{\"@type\":\"ListItem\",\"position\":2,\"name\":\"Mentions l\u00e9gales\"}]},{\"@type\":\"WebSite\",\"@id\":\"https:\\\/\\\/www.dailybarbstudio.com\\\/#website\",\"url\":\"https:\\\/\\\/www.dailybarbstudio.com\\\/\",\"name\":\"Daily Barb Studio\",\"description\":\"Pens\u00e9 \u00e0 Nice, imagin\u00e9 pour rayonner\",\"publisher\":{\"@id\":\"https:\\\/\\\/www.dailybarbstudio.com\\\/#organization\"},\"alternateName\":\"Daily Barb Studio\",\"potentialAction\":[{\"@type\":\"SearchAction\",\"target\":{\"@type\":\"EntryPoint\",\"urlTemplate\":\"https:\\\/\\\/www.dailybarbstudio.com\\\/?s={search_term_string}\"},\"query-input\":{\"@type\":\"PropertyValueSpecification\",\"valueRequired\":true,\"valueName\":\"search_term_string\"}}],\"inLanguage\":\"en-GB\"},{\"@type\":\"Organization\",\"@id\":\"https:\\\/\\\/www.dailybarbstudio.com\\\/#organization\",\"name\":\"Daily Barb Studio - Agence de communication globale \u00e0 Nice et \u00e0 Bordeaux\",\"alternateName\":\"Daily Barb Studio - Agence de communication \u00e0 Nice et Bordeaux\",\"url\":\"https:\\\/\\\/www.dailybarbstudio.com\\\/\",\"logo\":{\"@type\":\"ImageObject\",\"inLanguage\":\"en-GB\",\"@id\":\"https:\\\/\\\/www.dailybarbstudio.com\\\/#\\\/schema\\\/logo\\\/image\\\/\",\"url\":\"https:\\\/\\\/www.dailybarbstudio.com\\\/wp-content\\\/uploads\\\/2025\\\/10\\\/B_.png\",\"contentUrl\":\"https:\\\/\\\/www.dailybarbstudio.com\\\/wp-content\\\/uploads\\\/2025\\\/10\\\/B_.png\",\"width\":704,\"height\":594,\"caption\":\"Daily Barb Studio - Agence de communication globale \u00e0 Nice et \u00e0 Bordeaux\"},\"image\":{\"@id\":\"https:\\\/\\\/www.dailybarbstudio.com\\\/#\\\/schema\\\/logo\\\/image\\\/\"},\"sameAs\":[\"https:\\\/\\\/www.facebook.com\\\/people\\\/Daily-Barb-Studio\\\/61580484684165\\\/\",\"https:\\\/\\\/www.instagram.com\\\/dailybarbstudio\\\/\",\"https:\\\/\\\/www.linkedin.com\\\/company\\\/dailybarbstudio\\\/\"]}]}<\/script>\n<!-- \/ Yoast SEO plugin. -->","yoast_head_json":{"title":"Mentions l\u00e9gales - Agence de communication Daily Barb Studio","description":"D\u00e9couvrez les mentions l\u00e9gales de l'agence de communication Daily Barb Studio \u00e0 Nice et Bordeaux. Contactez-moi pour toute demande.","robots":{"index":"index","follow":"follow","max-snippet":"max-snippet:-1","max-image-preview":"max-image-preview:large","max-video-preview":"max-video-preview:-1"},"canonical":"https:\/\/www.dailybarbstudio.com\/en\/mentions-legales\/","og_locale":"en_GB","og_type":"article","og_title":"Mentions l\u00e9gales - Agence de communication Daily Barb Studio","og_description":"D\u00e9couvrez les mentions l\u00e9gales de l'agence de communication Daily Barb Studio \u00e0 Nice et Bordeaux. Contactez-moi pour toute demande.","og_url":"https:\/\/www.dailybarbstudio.com\/en\/mentions-legales\/","og_site_name":"Daily Barb Studio","article_publisher":"https:\/\/www.facebook.com\/people\/Daily-Barb-Studio\/61580484684165\/","article_modified_time":"2026-01-02T21:41:00+00:00","og_image":[{"width":1200,"height":675,"url":"https:\/\/www.dailybarbstudio.com\/wp-content\/uploads\/2025\/10\/b.jpg","type":"image\/jpeg"}],"twitter_card":"summary_large_image","twitter_misc":{"Estimated reading time":"1 minute"},"schema":{"@context":"https:\/\/schema.org","@graph":[{"@type":"WebPage","@id":"https:\/\/www.dailybarbstudio.com\/mentions-legales\/","url":"https:\/\/www.dailybarbstudio.com\/mentions-legales\/","name":"Mentions l\u00e9gales - Agence de communication Daily Barb Studio","isPartOf":{"@id":"https:\/\/www.dailybarbstudio.com\/#website"},"datePublished":"2025-10-20T09:28:31+00:00","dateModified":"2026-01-02T21:41:00+00:00","description":"D\u00e9couvrez les mentions l\u00e9gales de l'agence de communication Daily Barb Studio \u00e0 Nice et Bordeaux. Contactez-moi pour toute demande.","breadcrumb":{"@id":"https:\/\/www.dailybarbstudio.com\/mentions-legales\/#breadcrumb"},"inLanguage":"en-GB","potentialAction":[{"@type":"ReadAction","target":["https:\/\/www.dailybarbstudio.com\/mentions-legales\/"]}]},{"@type":"BreadcrumbList","@id":"https:\/\/www.dailybarbstudio.com\/mentions-legales\/#breadcrumb","itemListElement":[{"@type":"ListItem","position":1,"name":"Accueil","item":"https:\/\/www.dailybarbstudio.com\/"},{"@type":"ListItem","position":2,"name":"Mentions l\u00e9gales"}]},{"@type":"WebSite","@id":"https:\/\/www.dailybarbstudio.com\/#website","url":"https:\/\/www.dailybarbstudio.com\/","name":"Daily Barb Studio","description":"Pens\u00e9 \u00e0 Nice, imagin\u00e9 pour rayonner","publisher":{"@id":"https:\/\/www.dailybarbstudio.com\/#organization"},"alternateName":"Daily Barb Studio","potentialAction":[{"@type":"SearchAction","target":{"@type":"EntryPoint","urlTemplate":"https:\/\/www.dailybarbstudio.com\/?s={search_term_string}"},"query-input":{"@type":"PropertyValueSpecification","valueRequired":true,"valueName":"search_term_string"}}],"inLanguage":"en-GB"},{"@type":"Organization","@id":"https:\/\/www.dailybarbstudio.com\/#organization","name":"Daily Barb Studio - Agence de communication globale \u00e0 Nice et \u00e0 Bordeaux","alternateName":"Daily Barb Studio - Agence de communication \u00e0 Nice et Bordeaux","url":"https:\/\/www.dailybarbstudio.com\/","logo":{"@type":"ImageObject","inLanguage":"en-GB","@id":"https:\/\/www.dailybarbstudio.com\/#\/schema\/logo\/image\/","url":"https:\/\/www.dailybarbstudio.com\/wp-content\/uploads\/2025\/10\/B_.png","contentUrl":"https:\/\/www.dailybarbstudio.com\/wp-content\/uploads\/2025\/10\/B_.png","width":704,"height":594,"caption":"Daily Barb Studio - Agence de communication globale \u00e0 Nice et \u00e0 Bordeaux"},"image":{"@id":"https:\/\/www.dailybarbstudio.com\/#\/schema\/logo\/image\/"},"sameAs":["https:\/\/www.facebook.com\/people\/Daily-Barb-Studio\/61580484684165\/","https:\/\/www.instagram.com\/dailybarbstudio\/","https:\/\/www.linkedin.com\/company\/dailybarbstudio\/"]}]}},"_links":{"self":[{"href":"https:\/\/www.dailybarbstudio.com\/en\/wp-json\/wp\/v2\/pages\/242","targetHints":{"allow":["GET"]}}],"collection":[{"href":"https:\/\/www.dailybarbstudio.com\/en\/wp-json\/wp\/v2\/pages"}],"about":[{"href":"https:\/\/www.dailybarbstudio.com\/en\/wp-json\/wp\/v2\/types\/page"}],"author":[{"embeddable":true,"href":"https:\/\/www.dailybarbstudio.com\/en\/wp-json\/wp\/v2\/users\/1"}],"replies":[{"embeddable":true,"href":"https:\/\/www.dailybarbstudio.com\/en\/wp-json\/wp\/v2\/comments?post=242"}],"version-history":[{"count":6,"href":"https:\/\/www.dailybarbstudio.com\/en\/wp-json\/wp\/v2\/pages\/242\/revisions"}],"predecessor-version":[{"id":991,"href":"https:\/\/www.dailybarbstudio.com\/en\/wp-json\/wp\/v2\/pages\/242\/revisions\/991"}],"wp:attachment":[{"href":"https:\/\/www.dailybarbstudio.com\/en\/wp-json\/wp\/v2\/media?parent=242"}],"curies":[{"name":"wp","href":"https:\/\/api.w.org\/{rel}","templated":true}]}}