{"id":604,"date":"2025-10-29T10:33:53","date_gmt":"2025-10-29T10:33:53","guid":{"rendered":"https:\/\/lestudiodebarbara.com\/?page_id=604"},"modified":"2026-01-12T13:12:17","modified_gmt":"2026-01-12T13:12:17","slug":"votre-audit-express","status":"publish","type":"page","link":"https:\/\/www.dailybarbstudio.com\/en\/votre-audit-express\/","title":{"rendered":"Votre Audit Express"},"content":{"rendered":"<div class=\"wp-block-group alignwide has-global-padding is-layout-constrained wp-container-core-group-is-layout-a62fa364 wp-block-group-is-layout-constrained\" style=\"margin-top:0;margin-bottom:0;padding-top:0px;padding-bottom:0px\">\n<div class=\"wp-block-columns is-layout-flex wp-container-core-columns-is-layout-a152de94 wp-block-columns-is-layout-flex\" style=\"padding-top:var(--wp--preset--spacing--50);padding-bottom:var(--wp--preset--spacing--50)\">\n<div class=\"wp-block-column is-layout-flow wp-container-core-column-is-layout-b108c007 wp-block-column-is-layout-flow\" style=\"padding-right:0;padding-left:0\">\n<div class=\"wp-block-columns is-layout-flex wp-container-core-columns-is-layout-a8e9e81b wp-block-columns-is-layout-flex\">\n<div class=\"wp-block-column is-layout-flow wp-block-column-is-layout-flow\" style=\"padding-bottom:50px\">\n<figure class=\"wp-block-image size-full is-resized\"><img fetchpriority=\"high\" decoding=\"async\" width=\"1124\" height=\"941\" src=\"http:\/\/lestudiodebarbara.com\/wp-content\/uploads\/2025\/10\/1.png\" alt=\"Daily Barb Studio - Audit communication\" class=\"wp-image-744\" style=\"width:560px;height:auto\" srcset=\"https:\/\/www.dailybarbstudio.com\/wp-content\/uploads\/2025\/10\/1.png 1124w, https:\/\/www.dailybarbstudio.com\/wp-content\/uploads\/2025\/10\/1-300x251.png 300w, https:\/\/www.dailybarbstudio.com\/wp-content\/uploads\/2025\/10\/1-1024x857.png 1024w, https:\/\/www.dailybarbstudio.com\/wp-content\/uploads\/2025\/10\/1-768x643.png 768w, https:\/\/www.dailybarbstudio.com\/wp-content\/uploads\/2025\/10\/1-14x12.png 14w\" sizes=\"(max-width: 1124px) 100vw, 1124px\" \/><\/figure>\n<\/div>\n<\/div>\n<\/div>\n\n\n\n<div class=\"wp-block-column is-vertically-aligned-center is-layout-flow wp-block-column-is-layout-flow\">\n<h1 class=\"wp-block-heading has-text-color has-link-color has-inter-font-family wp-elements-1775ae51a4d134a195b09ed6b12b9a06\" style=\"color:#f08e80;font-size:clamp(21.536px, 1.346rem + ((1vw - 3.2px) * 1.53), 35px);letter-spacing:1px;line-height:1.3\">Express audit<\/h1>\n\n\n\n<p class=\"has-text-color has-link-color wp-elements-f07557a4c9e8e5c5023f0af5e648e0ce\" style=\"color:#f08e80\">Express Session \u2013 30 minutes to gain clarity and make your communication shine<\/p>\n\n\n\n<p class=\"has-text-color has-link-color wp-elements-15f18e05823d6c84d79f22406c34e6d4\" style=\"color:#4b4b4b;font-size:clamp(14px, 0.875rem + ((1vw - 3.2px) * 0.455), 18px);\">Do you feel that your communication lacks consistency?<br>That your message no longer truly reflects the person or brand you have become?<\/p>\n\n\n\n<p class=\"has-text-color has-link-color wp-elements-f4a2dafb2a67c05920008c3fc9cf1db1\" style=\"color:#4b4b4b;font-size:clamp(14px, 0.875rem + ((1vw - 3.2px) * 0.455), 18px);\">Je t\u2019aide \u00e0 faire le point avec mon audit express en communication sans jargon, juste un regard pro et bienveillant sur ton univers.<\/p>\n<\/div>\n<\/div>\n<\/div>\n\n\n\n<div class=\"wp-block-group alignwide has-global-padding is-layout-constrained wp-container-core-group-is-layout-a62fa364 wp-block-group-is-layout-constrained\" style=\"margin-top:0;margin-bottom:0;padding-top:0px;padding-bottom:0px\">\n<div class=\"wp-block-columns is-layout-flex wp-container-core-columns-is-layout-9cf8123d wp-block-columns-is-layout-flex\">\n<div class=\"wp-block-column is-vertically-aligned-center is-layout-flow wp-block-column-is-layout-flow\">\n<h2 class=\"wp-block-heading has-text-color has-link-color has-merriweather-font-family wp-elements-47996396ece90e5ef3c02b03259b7a11\" style=\"color:#f08e80;font-size:clamp(21.536px, 1.346rem + ((1vw - 3.2px) * 1.53), 35px);letter-spacing:1px;line-height:1.3\">The programme<\/h2>\n\n\n\n<p class=\"has-text-color has-link-color wp-elements-8def9ff3871690e1e61dbc23439468ec\" style=\"color:#4b4b4b;font-size:clamp(14px, 0.875rem + ((1vw - 3.2px) * 0.455), 18px);\">During a 30-minute video call, we will review the essentials: your positioning, your image, your brand tone and your current presence.<br>Tu repars avec une vision plus claire et des pistes concr\u00e8tes pour avancer sereinement.<\/p>\n<\/div>\n\n\n\n<div class=\"wp-block-column is-layout-flow wp-container-core-column-is-layout-b108c007 wp-block-column-is-layout-flow\" style=\"padding-right:0;padding-left:0\">\n<div class=\"wp-block-columns is-layout-flex wp-container-core-columns-is-layout-a8e9e81b wp-block-columns-is-layout-flex\">\n<div class=\"wp-block-column is-layout-flow wp-block-column-is-layout-flow\" style=\"padding-top:0px;padding-bottom:50px\">\n<figure class=\"wp-block-image size-full\"><img decoding=\"async\" width=\"2400\" height=\"1600\" src=\"http:\/\/lestudiodebarbara.com\/wp-content\/uploads\/2025\/10\/marten-bjork-rH8O0FHFpfw-unsplash.jpg\" alt=\"Daily Barb Studio agence de com - Audit communication \" class=\"wp-image-676\" style=\"aspect-ratio:4\/3;object-fit:cover\" srcset=\"https:\/\/www.dailybarbstudio.com\/wp-content\/uploads\/2025\/10\/marten-bjork-rH8O0FHFpfw-unsplash.jpg 2400w, https:\/\/www.dailybarbstudio.com\/wp-content\/uploads\/2025\/10\/marten-bjork-rH8O0FHFpfw-unsplash-300x200.jpg 300w, https:\/\/www.dailybarbstudio.com\/wp-content\/uploads\/2025\/10\/marten-bjork-rH8O0FHFpfw-unsplash-1024x683.jpg 1024w, https:\/\/www.dailybarbstudio.com\/wp-content\/uploads\/2025\/10\/marten-bjork-rH8O0FHFpfw-unsplash-768x512.jpg 768w, https:\/\/www.dailybarbstudio.com\/wp-content\/uploads\/2025\/10\/marten-bjork-rH8O0FHFpfw-unsplash-1536x1024.jpg 1536w, https:\/\/www.dailybarbstudio.com\/wp-content\/uploads\/2025\/10\/marten-bjork-rH8O0FHFpfw-unsplash-2048x1365.jpg 2048w, https:\/\/www.dailybarbstudio.com\/wp-content\/uploads\/2025\/10\/marten-bjork-rH8O0FHFpfw-unsplash-18x12.jpg 18w\" sizes=\"(max-width: 2400px) 100vw, 2400px\" \/><\/figure>\n<\/div>\n<\/div>\n<\/div>\n<\/div>\n<\/div>\n\n\n\n<div class=\"wp-block-group alignfull has-background has-global-padding is-layout-constrained wp-container-core-group-is-layout-0117c4cf wp-block-group-is-layout-constrained\" style=\"background-color:#fdf0e6;padding-top:80px;padding-bottom:80px\">\n<h3 class=\"wp-block-heading has-text-align-center has-text-color has-link-color has-merriweather-font-family wp-elements-72de6486a77b066a6bdb58210c8b054b\" style=\"color:#f08e80;font-size:clamp(21.536px, 1.346rem + ((1vw - 3.2px) * 1.53), 35px);letter-spacing:1px;line-height:1.3\">What you will get:<\/h3>\n\n\n\n<div class=\"wp-block-columns has-small-font-size is-layout-flex wp-container-core-columns-is-layout-c915277e wp-block-columns-is-layout-flex\" style=\"padding-top:25px\">\n<div class=\"wp-block-column is-layout-flow wp-block-column-is-layout-flow\">\n<figure class=\"wp-block-image aligncenter size-full is-resized wp-duotone-unset-1\"><img decoding=\"async\" width=\"512\" height=\"512\" src=\"http:\/\/lestudiodebarbara.com\/wp-content\/uploads\/2025\/10\/diagnostic.png\" alt=\"Daily Barb Studio  - Diagnostic communication\" class=\"wp-image-823\" style=\"width:60px\" srcset=\"https:\/\/www.dailybarbstudio.com\/wp-content\/uploads\/2025\/10\/diagnostic.png 512w, https:\/\/www.dailybarbstudio.com\/wp-content\/uploads\/2025\/10\/diagnostic-300x300.png 300w, https:\/\/www.dailybarbstudio.com\/wp-content\/uploads\/2025\/10\/diagnostic-150x150.png 150w, https:\/\/www.dailybarbstudio.com\/wp-content\/uploads\/2025\/10\/diagnostic-12x12.png 12w\" sizes=\"(max-width: 512px) 100vw, 512px\" \/><\/figure>\n\n\n\n<h4 class=\"wp-block-heading has-text-align-center has-text-color has-link-color has-fraunces-font-family wp-elements-4e76b6c0ede34331d65d17e511969f98\" style=\"color:#4b4b4b;font-size:clamp(16.293px, 1.018rem + ((1vw - 3.2px) * 0.989), 25px);\">Quick diagnosis of your current communication<\/h4>\n<\/div>\n\n\n\n<div class=\"wp-block-column is-layout-flow wp-block-column-is-layout-flow\">\n<figure class=\"wp-block-image aligncenter size-full is-resized\"><img loading=\"lazy\" decoding=\"async\" width=\"512\" height=\"512\" src=\"http:\/\/lestudiodebarbara.com\/wp-content\/uploads\/2025\/10\/like.png\" alt=\"Daily Barb Studio  - recommandation communication\" class=\"wp-image-822\" style=\"width:60px\" srcset=\"https:\/\/www.dailybarbstudio.com\/wp-content\/uploads\/2025\/10\/like.png 512w, https:\/\/www.dailybarbstudio.com\/wp-content\/uploads\/2025\/10\/like-300x300.png 300w, https:\/\/www.dailybarbstudio.com\/wp-content\/uploads\/2025\/10\/like-150x150.png 150w, https:\/\/www.dailybarbstudio.com\/wp-content\/uploads\/2025\/10\/like-12x12.png 12w\" sizes=\"(max-width: 512px) 100vw, 512px\" \/><\/figure>\n\n\n\n<h4 class=\"wp-block-heading has-text-align-center has-text-color has-link-color has-fraunces-font-family wp-elements-99b9f61c062159b5dc2582c19c565f80\" style=\"color:#4b4b4b;font-size:clamp(16.293px, 1.018rem + ((1vw - 3.2px) * 0.989), 25px);\">3 key recommendations<\/h4>\n<\/div>\n\n\n\n<div class=\"wp-block-column is-layout-flow wp-block-column-is-layout-flow\">\n<figure class=\"wp-block-image aligncenter size-full is-resized\"><img loading=\"lazy\" decoding=\"async\" width=\"512\" height=\"512\" src=\"http:\/\/lestudiodebarbara.com\/wp-content\/uploads\/2025\/10\/shuttle.png\" alt=\"Daily Barb Studio  - boost communication\" class=\"wp-image-824\" style=\"width:60px\" srcset=\"https:\/\/www.dailybarbstudio.com\/wp-content\/uploads\/2025\/10\/shuttle.png 512w, https:\/\/www.dailybarbstudio.com\/wp-content\/uploads\/2025\/10\/shuttle-300x300.png 300w, https:\/\/www.dailybarbstudio.com\/wp-content\/uploads\/2025\/10\/shuttle-150x150.png 150w, https:\/\/www.dailybarbstudio.com\/wp-content\/uploads\/2025\/10\/shuttle-12x12.png 12w\" sizes=\"(max-width: 512px) 100vw, 512px\" \/><\/figure>\n\n\n\n<h4 class=\"wp-block-heading has-text-align-center has-text-color has-link-color has-fraunces-font-family wp-elements-8024a7db0f1ac926becea608605831a6\" style=\"color:#4b4b4b;font-size:clamp(16.293px, 1.018rem + ((1vw - 3.2px) * 0.989), 25px);\">A boost of clarity and energy for the future<\/h4>\n<\/div>\n<\/div>\n<\/div>\n\n\n\n<div class=\"wp-block-group has-global-padding is-layout-constrained wp-container-core-group-is-layout-012c6a88 wp-block-group-is-layout-constrained\" style=\"margin-top:var(--wp--preset--spacing--50);margin-bottom:var(--wp--preset--spacing--50);padding-top:0px;padding-right:0;padding-bottom:0px;padding-left:0\">\n<div class=\"wp-block-columns is-layout-flex wp-container-core-columns-is-layout-9a362313 wp-block-columns-is-layout-flex\">\n<div class=\"wp-block-column has-background has-global-padding is-layout-constrained wp-container-core-column-is-layout-ef83baee wp-block-column-is-layout-constrained\" style=\"background-color:#fdf0e6;padding-bottom:30px\">\n<h5 class=\"wp-block-heading has-text-align-center has-text-color has-link-color has-merriweather-font-family wp-elements-3a2cfb0badc27897b229c455c07da746\" style=\"color:#f08e80;padding-top:25px;padding-left:0px;font-size:clamp(15.197px, 0.95rem + ((1vw - 3.2px) * 0.887), 23px);font-style:normal;font-weight:400\">The express audit<\/h5>\n\n\n\n<h6 class=\"wp-block-heading has-text-align-center has-text-color has-link-color has-merriweather-font-family wp-elements-2ef9947f1c10301b9c490d50bf6a306f\" style=\"color:#f08e80;padding-left:35px;font-size:clamp(14px, 0.875rem + ((1vw - 3.2px) * 0.682), 20px);font-style:normal;font-weight:400\">49\u20ac<\/h6>\n\n\n\n<ul style=\"color:#000000;padding-right:20px;font-size:clamp(14px, 0.875rem + ((1vw - 3.2px) * 0.341), 17px);\" class=\"wp-block-list has-text-color has-link-color has-fraunces-font-family wp-elements-4c5474f48b51340f60bca9b1f9923c96\">\n<li class=\"has-text-color has-link-color wp-elements-e50c440cc98ace1e90279e45e37ddabb\" style=\"color:#4b4b4b\">And if you then decide to work with me on a service (SEO, social media, website, etc.),<\/li>\n\n\n\n<li class=\"has-text-color has-link-color wp-elements-10dcf28f09f03cf1743630f10b26a92d\" style=\"color:#4b4b4b\">The cost of the session will be deducted in full from your quote.<\/li>\n\n\n\n<li class=\"has-text-color has-link-color wp-elements-71316cf833f2ed7a167e6c4d7d732d06\" style=\"color:#4b4b4b\">\ud83d\udc49 Your slot is confirmed upon receipt of payment.<\/li>\n<\/ul>\n\n\n\n<div class=\"wp-block-group is-content-justification-center is-nowrap is-layout-flex wp-container-core-group-is-layout-e4e5d2f5 wp-block-group-is-layout-flex\" style=\"padding-top:20px;padding-left:30px\">\n<div class=\"wp-block-buttons is-content-justification-center is-layout-flex wp-container-core-buttons-is-layout-a89b3969 wp-block-buttons-is-layout-flex\">\n<div class=\"wp-block-button\"><a class=\"wp-block-button__link has-text-color has-background has-link-color has-fraunces-font-family has-text-align-center has-custom-font-size wp-element-button\" href=\"https:\/\/calendly.com\/contact-dailybarbstudio\/session-express-daily-barb-studio\" style=\"border-radius:100px;color:#ffffff;background-color:#ff6f5d;padding-top:10px;padding-right:17px;padding-bottom:10px;padding-left:17px;font-size:clamp(14px, 0.875rem + ((1vw - 3.2px) * 0.114), 15px);font-style:normal;font-weight:400;text-transform:none\" target=\"_blank\" rel=\"noreferrer noopener\">Book here<\/a><\/div>\n<\/div>\n<\/div>\n<\/div>\n<\/div>\n<\/div>\n\n\n\n<p><\/p>","protected":false},"excerpt":{"rendered":"<p>Ton Audit express Session Express &#8211; 30 minutes pour y voir plus clair et faire briller ta communication Tu sens que ta communication manque de coh\u00e9rence ?Que ton message ne refl\u00e8te plus vraiment la personne ou la marque que tu es devenue ? Je t\u2019aide \u00e0 faire le point avec mon audit express en communication [&hellip;]<\/p>\n","protected":false},"author":1,"featured_media":0,"parent":0,"menu_order":0,"comment_status":"closed","ping_status":"closed","template":"","meta":{"footnotes":""},"class_list":["post-604","page","type-page","status-publish","hentry"],"yoast_head":"<!-- This site is optimized with the Yoast SEO plugin v27.4 - https:\/\/yoast.com\/product\/yoast-seo-wordpress\/ -->\n<title>Votre Audit Express en communication - Daily Barb Studio<\/title>\n<meta name=\"description\" content=\"Avec notre audit express en communication, b\u00e9n\u00e9ficiez d\u2019une analyse claire, de recommandations cibl\u00e9es et d\u2019un plan d\u2019action.\" \/>\n<meta name=\"robots\" content=\"index, follow, max-snippet:-1, max-image-preview:large, max-video-preview:-1\" \/>\n<link rel=\"canonical\" href=\"https:\/\/www.dailybarbstudio.com\/en\/votre-audit-express\/\" \/>\n<meta property=\"og:locale\" content=\"en_GB\" \/>\n<meta property=\"og:type\" content=\"article\" \/>\n<meta property=\"og:title\" content=\"Votre Audit Express en communication - Daily Barb Studio\" \/>\n<meta property=\"og:description\" content=\"Avec notre audit express en communication, b\u00e9n\u00e9ficiez d\u2019une analyse claire, de recommandations cibl\u00e9es et d\u2019un plan d\u2019action.\" \/>\n<meta property=\"og:url\" content=\"https:\/\/www.dailybarbstudio.com\/en\/votre-audit-express\/\" \/>\n<meta property=\"og:site_name\" content=\"Daily Barb Studio\" \/>\n<meta property=\"article:publisher\" content=\"https:\/\/www.facebook.com\/people\/Daily-Barb-Studio\/61580484684165\/\" \/>\n<meta property=\"article:modified_time\" content=\"2026-01-12T13:12:17+00:00\" \/>\n<meta property=\"og:image\" content=\"http:\/\/lestudiodebarbara.com\/wp-content\/uploads\/2025\/10\/1.png\" \/>\n<meta name=\"twitter:card\" content=\"summary_large_image\" \/>\n<meta name=\"twitter:label1\" content=\"Estimated reading time\" \/>\n\t<meta name=\"twitter:data1\" content=\"2 minutes\" \/>\n<script type=\"application\/ld+json\" class=\"yoast-schema-graph\">{\"@context\":\"https:\\\/\\\/schema.org\",\"@graph\":[{\"@type\":\"WebPage\",\"@id\":\"https:\\\/\\\/www.dailybarbstudio.com\\\/votre-audit-express\\\/\",\"url\":\"https:\\\/\\\/www.dailybarbstudio.com\\\/votre-audit-express\\\/\",\"name\":\"Votre Audit Express en communication - Daily Barb Studio\",\"isPartOf\":{\"@id\":\"https:\\\/\\\/www.dailybarbstudio.com\\\/#website\"},\"primaryImageOfPage\":{\"@id\":\"https:\\\/\\\/www.dailybarbstudio.com\\\/votre-audit-express\\\/#primaryimage\"},\"image\":{\"@id\":\"https:\\\/\\\/www.dailybarbstudio.com\\\/votre-audit-express\\\/#primaryimage\"},\"thumbnailUrl\":\"http:\\\/\\\/lestudiodebarbara.com\\\/wp-content\\\/uploads\\\/2025\\\/10\\\/1.png\",\"datePublished\":\"2025-10-29T10:33:53+00:00\",\"dateModified\":\"2026-01-12T13:12:17+00:00\",\"description\":\"Avec notre audit express en communication, b\u00e9n\u00e9ficiez d\u2019une analyse claire, de recommandations cibl\u00e9es et d\u2019un plan d\u2019action.\",\"breadcrumb\":{\"@id\":\"https:\\\/\\\/www.dailybarbstudio.com\\\/votre-audit-express\\\/#breadcrumb\"},\"inLanguage\":\"en-GB\",\"potentialAction\":[{\"@type\":\"ReadAction\",\"target\":[\"https:\\\/\\\/www.dailybarbstudio.com\\\/votre-audit-express\\\/\"]}]},{\"@type\":\"ImageObject\",\"inLanguage\":\"en-GB\",\"@id\":\"https:\\\/\\\/www.dailybarbstudio.com\\\/votre-audit-express\\\/#primaryimage\",\"url\":\"http:\\\/\\\/lestudiodebarbara.com\\\/wp-content\\\/uploads\\\/2025\\\/10\\\/1.png\",\"contentUrl\":\"http:\\\/\\\/lestudiodebarbara.com\\\/wp-content\\\/uploads\\\/2025\\\/10\\\/1.png\"},{\"@type\":\"BreadcrumbList\",\"@id\":\"https:\\\/\\\/www.dailybarbstudio.com\\\/votre-audit-express\\\/#breadcrumb\",\"itemListElement\":[{\"@type\":\"ListItem\",\"position\":1,\"name\":\"Accueil\",\"item\":\"https:\\\/\\\/www.dailybarbstudio.com\\\/\"},{\"@type\":\"ListItem\",\"position\":2,\"name\":\"Votre Audit Express\"}]},{\"@type\":\"WebSite\",\"@id\":\"https:\\\/\\\/www.dailybarbstudio.com\\\/#website\",\"url\":\"https:\\\/\\\/www.dailybarbstudio.com\\\/\",\"name\":\"Daily Barb Studio\",\"description\":\"Pens\u00e9 \u00e0 Nice, imagin\u00e9 pour rayonner\",\"publisher\":{\"@id\":\"https:\\\/\\\/www.dailybarbstudio.com\\\/#organization\"},\"alternateName\":\"Daily Barb Studio\",\"potentialAction\":[{\"@type\":\"SearchAction\",\"target\":{\"@type\":\"EntryPoint\",\"urlTemplate\":\"https:\\\/\\\/www.dailybarbstudio.com\\\/?s={search_term_string}\"},\"query-input\":{\"@type\":\"PropertyValueSpecification\",\"valueRequired\":true,\"valueName\":\"search_term_string\"}}],\"inLanguage\":\"en-GB\"},{\"@type\":\"Organization\",\"@id\":\"https:\\\/\\\/www.dailybarbstudio.com\\\/#organization\",\"name\":\"Daily Barb Studio - Agence de communication globale \u00e0 Nice et \u00e0 Bordeaux\",\"alternateName\":\"Daily Barb Studio - Agence de communication \u00e0 Nice et Bordeaux\",\"url\":\"https:\\\/\\\/www.dailybarbstudio.com\\\/\",\"logo\":{\"@type\":\"ImageObject\",\"inLanguage\":\"en-GB\",\"@id\":\"https:\\\/\\\/www.dailybarbstudio.com\\\/#\\\/schema\\\/logo\\\/image\\\/\",\"url\":\"https:\\\/\\\/www.dailybarbstudio.com\\\/wp-content\\\/uploads\\\/2025\\\/10\\\/B_.png\",\"contentUrl\":\"https:\\\/\\\/www.dailybarbstudio.com\\\/wp-content\\\/uploads\\\/2025\\\/10\\\/B_.png\",\"width\":704,\"height\":594,\"caption\":\"Daily Barb Studio - Agence de communication globale \u00e0 Nice et \u00e0 Bordeaux\"},\"image\":{\"@id\":\"https:\\\/\\\/www.dailybarbstudio.com\\\/#\\\/schema\\\/logo\\\/image\\\/\"},\"sameAs\":[\"https:\\\/\\\/www.facebook.com\\\/people\\\/Daily-Barb-Studio\\\/61580484684165\\\/\",\"https:\\\/\\\/www.instagram.com\\\/dailybarbstudio\\\/\",\"https:\\\/\\\/www.linkedin.com\\\/company\\\/dailybarbstudio\\\/\"]}]}<\/script>\n<!-- \/ Yoast SEO plugin. -->","yoast_head_json":{"title":"Votre Audit Express en communication - Daily Barb Studio","description":"Avec notre audit express en communication, b\u00e9n\u00e9ficiez d\u2019une analyse claire, de recommandations cibl\u00e9es et d\u2019un plan d\u2019action.","robots":{"index":"index","follow":"follow","max-snippet":"max-snippet:-1","max-image-preview":"max-image-preview:large","max-video-preview":"max-video-preview:-1"},"canonical":"https:\/\/www.dailybarbstudio.com\/en\/votre-audit-express\/","og_locale":"en_GB","og_type":"article","og_title":"Votre Audit Express en communication - Daily Barb Studio","og_description":"Avec notre audit express en communication, b\u00e9n\u00e9ficiez d\u2019une analyse claire, de recommandations cibl\u00e9es et d\u2019un plan d\u2019action.","og_url":"https:\/\/www.dailybarbstudio.com\/en\/votre-audit-express\/","og_site_name":"Daily Barb Studio","article_publisher":"https:\/\/www.facebook.com\/people\/Daily-Barb-Studio\/61580484684165\/","article_modified_time":"2026-01-12T13:12:17+00:00","og_image":[{"url":"http:\/\/lestudiodebarbara.com\/wp-content\/uploads\/2025\/10\/1.png","type":"","width":"","height":""}],"twitter_card":"summary_large_image","twitter_misc":{"Estimated reading time":"2 minutes"},"schema":{"@context":"https:\/\/schema.org","@graph":[{"@type":"WebPage","@id":"https:\/\/www.dailybarbstudio.com\/votre-audit-express\/","url":"https:\/\/www.dailybarbstudio.com\/votre-audit-express\/","name":"Votre Audit Express en communication - Daily Barb Studio","isPartOf":{"@id":"https:\/\/www.dailybarbstudio.com\/#website"},"primaryImageOfPage":{"@id":"https:\/\/www.dailybarbstudio.com\/votre-audit-express\/#primaryimage"},"image":{"@id":"https:\/\/www.dailybarbstudio.com\/votre-audit-express\/#primaryimage"},"thumbnailUrl":"http:\/\/lestudiodebarbara.com\/wp-content\/uploads\/2025\/10\/1.png","datePublished":"2025-10-29T10:33:53+00:00","dateModified":"2026-01-12T13:12:17+00:00","description":"Avec notre audit express en communication, b\u00e9n\u00e9ficiez d\u2019une analyse claire, de recommandations cibl\u00e9es et d\u2019un plan d\u2019action.","breadcrumb":{"@id":"https:\/\/www.dailybarbstudio.com\/votre-audit-express\/#breadcrumb"},"inLanguage":"en-GB","potentialAction":[{"@type":"ReadAction","target":["https:\/\/www.dailybarbstudio.com\/votre-audit-express\/"]}]},{"@type":"ImageObject","inLanguage":"en-GB","@id":"https:\/\/www.dailybarbstudio.com\/votre-audit-express\/#primaryimage","url":"http:\/\/lestudiodebarbara.com\/wp-content\/uploads\/2025\/10\/1.png","contentUrl":"http:\/\/lestudiodebarbara.com\/wp-content\/uploads\/2025\/10\/1.png"},{"@type":"BreadcrumbList","@id":"https:\/\/www.dailybarbstudio.com\/votre-audit-express\/#breadcrumb","itemListElement":[{"@type":"ListItem","position":1,"name":"Accueil","item":"https:\/\/www.dailybarbstudio.com\/"},{"@type":"ListItem","position":2,"name":"Votre Audit Express"}]},{"@type":"WebSite","@id":"https:\/\/www.dailybarbstudio.com\/#website","url":"https:\/\/www.dailybarbstudio.com\/","name":"Daily Barb Studio","description":"Pens\u00e9 \u00e0 Nice, imagin\u00e9 pour rayonner","publisher":{"@id":"https:\/\/www.dailybarbstudio.com\/#organization"},"alternateName":"Daily Barb Studio","potentialAction":[{"@type":"SearchAction","target":{"@type":"EntryPoint","urlTemplate":"https:\/\/www.dailybarbstudio.com\/?s={search_term_string}"},"query-input":{"@type":"PropertyValueSpecification","valueRequired":true,"valueName":"search_term_string"}}],"inLanguage":"en-GB"},{"@type":"Organization","@id":"https:\/\/www.dailybarbstudio.com\/#organization","name":"Daily Barb Studio - Agence de communication globale \u00e0 Nice et \u00e0 Bordeaux","alternateName":"Daily Barb Studio - Agence de communication \u00e0 Nice et Bordeaux","url":"https:\/\/www.dailybarbstudio.com\/","logo":{"@type":"ImageObject","inLanguage":"en-GB","@id":"https:\/\/www.dailybarbstudio.com\/#\/schema\/logo\/image\/","url":"https:\/\/www.dailybarbstudio.com\/wp-content\/uploads\/2025\/10\/B_.png","contentUrl":"https:\/\/www.dailybarbstudio.com\/wp-content\/uploads\/2025\/10\/B_.png","width":704,"height":594,"caption":"Daily Barb Studio - Agence de communication globale \u00e0 Nice et \u00e0 Bordeaux"},"image":{"@id":"https:\/\/www.dailybarbstudio.com\/#\/schema\/logo\/image\/"},"sameAs":["https:\/\/www.facebook.com\/people\/Daily-Barb-Studio\/61580484684165\/","https:\/\/www.instagram.com\/dailybarbstudio\/","https:\/\/www.linkedin.com\/company\/dailybarbstudio\/"]}]}},"_links":{"self":[{"href":"https:\/\/www.dailybarbstudio.com\/en\/wp-json\/wp\/v2\/pages\/604","targetHints":{"allow":["GET"]}}],"collection":[{"href":"https:\/\/www.dailybarbstudio.com\/en\/wp-json\/wp\/v2\/pages"}],"about":[{"href":"https:\/\/www.dailybarbstudio.com\/en\/wp-json\/wp\/v2\/types\/page"}],"author":[{"embeddable":true,"href":"https:\/\/www.dailybarbstudio.com\/en\/wp-json\/wp\/v2\/users\/1"}],"replies":[{"embeddable":true,"href":"https:\/\/www.dailybarbstudio.com\/en\/wp-json\/wp\/v2\/comments?post=604"}],"version-history":[{"count":32,"href":"https:\/\/www.dailybarbstudio.com\/en\/wp-json\/wp\/v2\/pages\/604\/revisions"}],"predecessor-version":[{"id":996,"href":"https:\/\/www.dailybarbstudio.com\/en\/wp-json\/wp\/v2\/pages\/604\/revisions\/996"}],"wp:attachment":[{"href":"https:\/\/www.dailybarbstudio.com\/en\/wp-json\/wp\/v2\/media?parent=604"}],"curies":[{"name":"wp","href":"https:\/\/api.w.org\/{rel}","templated":true}]}}